{"id":14966,"date":"2023-10-20T12:20:53","date_gmt":"2023-10-20T11:20:53","guid":{"rendered":"https:\/\/taxibuscanarias.com\/transfers\/"},"modified":"2026-03-05T18:50:18","modified_gmt":"2026-03-05T18:50:18","slug":"transfers","status":"publish","type":"page","link":"https:\/\/canarytaxibus.com\/en\/transfers\/","title":{"rendered":"Transfers"},"content":{"rendered":"\t\t<div data-elementor-type=\"wp-page\" data-elementor-id=\"14966\" class=\"elementor elementor-14966 elementor-10748\" data-elementor-post-type=\"page\">\n\t\t\t\t\t\t<section class=\"elementor-section elementor-top-section elementor-element elementor-element-daf7d59 elementor-section-height-min-height elementor-section-boxed elementor-section-height-default elementor-section-items-middle\" data-id=\"daf7d59\" data-element_type=\"section\" data-e-type=\"section\" data-settings=\"{&quot;background_background&quot;:&quot;classic&quot;,&quot;shape_divider_bottom&quot;:&quot;mountains&quot;}\">\n\t\t\t\t\t\t\t<div class=\"elementor-background-overlay\"><\/div>\n\t\t\t\t\t\t<div class=\"elementor-shape elementor-shape-bottom\" aria-hidden=\"true\" data-negative=\"false\">\n\t\t\t<svg xmlns=\"http:\/\/www.w3.org\/2000\/svg\" viewBox=\"0 0 1000 100\" preserveAspectRatio=\"none\">\n\t<path class=\"elementor-shape-fill\" opacity=\"0.33\" d=\"M473,67.3c-203.9,88.3-263.1-34-320.3,0C66,119.1,0,59.7,0,59.7V0h1000v59.7 c0,0-62.1,26.1-94.9,29.3c-32.8,3.3-62.8-12.3-75.8-22.1C806,49.6,745.3,8.7,694.9,4.7S492.4,59,473,67.3z\"\/>\n\t<path class=\"elementor-shape-fill\" opacity=\"0.66\" d=\"M734,67.3c-45.5,0-77.2-23.2-129.1-39.1c-28.6-8.7-150.3-10.1-254,39.1 s-91.7-34.4-149.2,0C115.7,118.3,0,39.8,0,39.8V0h1000v36.5c0,0-28.2-18.5-92.1-18.5C810.2,18.1,775.7,67.3,734,67.3z\"\/>\n\t<path class=\"elementor-shape-fill\" d=\"M766.1,28.9c-200-57.5-266,65.5-395.1,19.5C242,1.8,242,5.4,184.8,20.6C128,35.8,132.3,44.9,89.9,52.5C28.6,63.7,0,0,0,0 h1000c0,0-9.9,40.9-83.6,48.1S829.6,47,766.1,28.9z\"\/>\n<\/svg>\t\t<\/div>\n\t\t\t\t\t<div class=\"elementor-container elementor-column-gap-no\">\n\t\t\t\t\t<div class=\"elementor-column elementor-col-100 elementor-top-column elementor-element elementor-element-99ad9f2\" data-id=\"99ad9f2\" data-element_type=\"column\" data-e-type=\"column\">\n\t\t\t<div class=\"elementor-widget-wrap elementor-element-populated\">\n\t\t\t\t\t\t<div class=\"elementor-element elementor-element-2f576ad elementor-widget elementor-widget-heading\" data-id=\"2f576ad\" data-element_type=\"widget\" data-e-type=\"widget\" data-widget_type=\"heading.default\">\n\t\t\t\t\t<h1 class=\"elementor-heading-title elementor-size-default\">Transfers in Gran Canaria and Tenerife<\/h1>\t\t\t\t<\/div>\n\t\t\t\t<div class=\"elementor-element elementor-element-d7cfd2c elementor-widget elementor-widget-text-editor\" data-id=\"d7cfd2c\" data-element_type=\"widget\" data-e-type=\"widget\" data-widget_type=\"text-editor.default\">\n\t\t\t\t\t\t\t\t\t<p>Transfers on the islands of Gran Canaria and Tenerife. Select your destination island and the available locations. If you do not find the location you are looking for please send us a message and we will be happy to offer you this route.<\/p>\t\t\t\t\t\t\t\t<\/div>\n\t\t\t\t<div class=\"elementor-element elementor-element-3e95830 elementor-align-center elementor-widget elementor-widget-breadcrumbs\" data-id=\"3e95830\" data-element_type=\"widget\" data-e-type=\"widget\" data-widget_type=\"breadcrumbs.default\">\n\t\t\t\t\t<p id=\"breadcrumbs\"><\/p>\t\t\t\t<\/div>\n\t\t\t\t\t<\/div>\n\t\t<\/div>\n\t\t\t\t\t<\/div>\n\t\t<\/section>\n\t\t\t\t<section class=\"elementor-section elementor-top-section elementor-element elementor-element-15f94e1 elementor-section-boxed elementor-section-height-default elementor-section-height-default\" data-id=\"15f94e1\" data-element_type=\"section\" data-e-type=\"section\" data-settings=\"{&quot;background_background&quot;:&quot;classic&quot;}\">\n\t\t\t\t\t\t<div class=\"elementor-container elementor-column-gap-default\">\n\t\t\t\t\t<div class=\"elementor-column elementor-col-100 elementor-top-column elementor-element elementor-element-0c60b46\" data-id=\"0c60b46\" data-element_type=\"column\" data-e-type=\"column\">\n\t\t\t<div class=\"elementor-widget-wrap elementor-element-populated\">\n\t\t\t\t\t\t<div class=\"elementor-element elementor-element-7f2439e elementor-widget elementor-widget-heading\" data-id=\"7f2439e\" data-element_type=\"widget\" data-e-type=\"widget\" data-widget_type=\"heading.default\">\n\t\t\t\t\t<h2 class=\"elementor-heading-title elementor-size-default\">Canary Islands Airport Transfers<\/h2>\t\t\t\t<\/div>\n\t\t\t\t<div class=\"elementor-element elementor-element-523cec1 elementor-widget elementor-widget-text-editor\" data-id=\"523cec1\" data-element_type=\"widget\" data-e-type=\"widget\" data-widget_type=\"text-editor.default\">\n\t\t\t\t\t\t\t\t\t<p>Private taxi to Gran Canaria and Tenerife <a href=\"https:\/\/www.aena.es\/en\/passengers\/passengers.html\">airports<\/a> with Canary Taxi Bus. To any location in the main Canary Islands. Las Palmas de Gran Canaria or Santa Cruz de Tenerife. Tourist guide to The best destinations, beaches, villas and hotels. Maspalomas, Playa del Ingl\u00e9s, Mog\u00e1n, Playa de Las Am\u00e9ricas, Puerto de la Cruz, Arona, Las Palmas.<\/p>\t\t\t\t\t\t\t\t<\/div>\n\t\t\t\t<section class=\"elementor-section elementor-inner-section elementor-element elementor-element-1a0e4dd elementor-section-boxed elementor-section-height-default elementor-section-height-default\" data-id=\"1a0e4dd\" data-element_type=\"section\" data-e-type=\"section\">\n\t\t\t\t\t\t<div class=\"elementor-container elementor-column-gap-default\">\n\t\t\t\t\t<div class=\"elementor-column elementor-col-50 elementor-inner-column elementor-element elementor-element-497d535\" data-id=\"497d535\" data-element_type=\"column\" data-e-type=\"column\">\n\t\t\t<div class=\"elementor-widget-wrap elementor-element-populated\">\n\t\t\t\t\t\t<div class=\"elementor-element elementor-element-6997e18 elementor-widget elementor-widget-image\" data-id=\"6997e18\" data-element_type=\"widget\" data-e-type=\"widget\" data-widget_type=\"image.default\">\n\t\t\t\t\t\t\t\t\t\t\t\t\t\t\t<img fetchpriority=\"high\" decoding=\"async\" width=\"1024\" height=\"683\" src=\"https:\/\/canarytaxibus.com\/wp-content\/uploads\/2023\/12\/grancanaria-1024x683.webp\" class=\"attachment-large size-large wp-image-12298\" alt=\"gran canaria transfers\" srcset=\"https:\/\/canarytaxibus.com\/wp-content\/uploads\/2023\/12\/grancanaria-1024x683.webp 1024w, https:\/\/canarytaxibus.com\/wp-content\/uploads\/2023\/12\/grancanaria-150x100.webp 150w, https:\/\/canarytaxibus.com\/wp-content\/uploads\/2023\/12\/grancanaria-300x200.webp 300w, https:\/\/canarytaxibus.com\/wp-content\/uploads\/2023\/12\/grancanaria-768x512.webp 768w, https:\/\/canarytaxibus.com\/wp-content\/uploads\/2023\/12\/grancanaria-1536x1024.webp 1536w, https:\/\/canarytaxibus.com\/wp-content\/uploads\/2023\/12\/grancanaria-930x620.webp 930w, https:\/\/canarytaxibus.com\/wp-content\/uploads\/2023\/12\/grancanaria-460x306.webp 460w, https:\/\/canarytaxibus.com\/wp-content\/uploads\/2023\/12\/grancanaria-800x533.webp 800w, https:\/\/canarytaxibus.com\/wp-content\/uploads\/2023\/12\/grancanaria-600x400.webp 600w, https:\/\/canarytaxibus.com\/wp-content\/uploads\/2023\/12\/grancanaria.webp 1920w\" sizes=\"(max-width: 1024px) 100vw, 1024px\" \/>\t\t\t\t\t\t\t\t\t\t\t\t\t\t\t<\/div>\n\t\t\t\t<div class=\"elementor-element elementor-element-016a918 elementor-align-center elementor-widget elementor-widget-button\" data-id=\"016a918\" data-element_type=\"widget\" data-e-type=\"widget\" data-widget_type=\"button.default\">\n\t\t\t\t\t\t\t\t\t\t<a class=\"elementor-button elementor-button-link elementor-size-sm\" href=\"\/en\/transfers\/grancanaria\/\" rel=\"title:Gran Canaria\">\n\t\t\t\t\t\t<span class=\"elementor-button-content-wrapper\">\n\t\t\t\t\t\t\t\t\t<span class=\"elementor-button-text\">GRAN CANARIA<\/span>\n\t\t\t\t\t<\/span>\n\t\t\t\t\t<\/a>\n\t\t\t\t\t\t\t\t<\/div>\n\t\t\t\t\t<\/div>\n\t\t<\/div>\n\t\t\t\t<div class=\"elementor-column elementor-col-50 elementor-inner-column elementor-element elementor-element-d162390\" data-id=\"d162390\" data-element_type=\"column\" data-e-type=\"column\">\n\t\t\t<div class=\"elementor-widget-wrap elementor-element-populated\">\n\t\t\t\t\t\t<div class=\"elementor-element elementor-element-2effa35 elementor-widget elementor-widget-image\" data-id=\"2effa35\" data-element_type=\"widget\" data-e-type=\"widget\" data-widget_type=\"image.default\">\n\t\t\t\t\t\t\t\t\t\t\t\t\t\t\t<img decoding=\"async\" width=\"1024\" height=\"683\" src=\"https:\/\/canarytaxibus.com\/wp-content\/uploads\/2023\/12\/tenerife-1024x683.webp\" class=\"attachment-large size-large wp-image-12302\" alt=\"Tenerife Transfers Aeropuerto Gran Canaria\" srcset=\"https:\/\/canarytaxibus.com\/wp-content\/uploads\/2023\/12\/tenerife-1024x683.webp 1024w, https:\/\/canarytaxibus.com\/wp-content\/uploads\/2023\/12\/tenerife-150x100.webp 150w, https:\/\/canarytaxibus.com\/wp-content\/uploads\/2023\/12\/tenerife-300x200.webp 300w, https:\/\/canarytaxibus.com\/wp-content\/uploads\/2023\/12\/tenerife-768x512.webp 768w, https:\/\/canarytaxibus.com\/wp-content\/uploads\/2023\/12\/tenerife-1536x1024.webp 1536w, https:\/\/canarytaxibus.com\/wp-content\/uploads\/2023\/12\/tenerife-930x620.webp 930w, https:\/\/canarytaxibus.com\/wp-content\/uploads\/2023\/12\/tenerife-460x306.webp 460w, https:\/\/canarytaxibus.com\/wp-content\/uploads\/2023\/12\/tenerife-800x533.webp 800w, https:\/\/canarytaxibus.com\/wp-content\/uploads\/2023\/12\/tenerife-600x400.webp 600w, https:\/\/canarytaxibus.com\/wp-content\/uploads\/2023\/12\/tenerife.webp 1920w\" sizes=\"(max-width: 1024px) 100vw, 1024px\" \/>\t\t\t\t\t\t\t\t\t\t\t\t\t\t\t<\/div>\n\t\t\t\t<div class=\"elementor-element elementor-element-071bfe8 elementor-align-center elementor-widget elementor-widget-button\" data-id=\"071bfe8\" data-element_type=\"widget\" data-e-type=\"widget\" data-widget_type=\"button.default\">\n\t\t\t\t\t\t\t\t\t\t<a class=\"elementor-button elementor-button-link elementor-size-sm\" href=\"\/en\/transfers\/tenerife\/\" rel=\"title:Tenerife\">\n\t\t\t\t\t\t<span class=\"elementor-button-content-wrapper\">\n\t\t\t\t\t\t\t\t\t<span class=\"elementor-button-text\">TENERIFE<\/span>\n\t\t\t\t\t<\/span>\n\t\t\t\t\t<\/a>\n\t\t\t\t\t\t\t\t<\/div>\n\t\t\t\t\t<\/div>\n\t\t<\/div>\n\t\t\t\t\t<\/div>\n\t\t<\/section>\n\t\t\t\t\t<\/div>\n\t\t<\/div>\n\t\t\t\t\t<\/div>\n\t\t<\/section>\n\t\t<div class=\"elementor-element elementor-element-85ffa21 e-flex e-con-boxed e-con e-parent\" data-id=\"85ffa21\" data-element_type=\"container\" data-e-type=\"container\" data-settings=\"{&quot;background_background&quot;:&quot;classic&quot;}\">\n\t\t\t\t\t<div class=\"e-con-inner\">\n\t\t\t\t<div class=\"elementor-element elementor-element-3079e32 elementor-widget elementor-widget-heading\" data-id=\"3079e32\" data-element_type=\"widget\" data-e-type=\"widget\" data-widget_type=\"heading.default\">\n\t\t\t\t\t<h2 class=\"elementor-heading-title elementor-size-default\">Gran Canaria Airport Transfers<\/h2>\t\t\t\t<\/div>\n\t\t\t\t<div class=\"elementor-element elementor-element-ef58f94 elementor-widget elementor-widget-text-editor\" data-id=\"ef58f94\" data-element_type=\"widget\" data-e-type=\"widget\" data-widget_type=\"text-editor.default\">\n\t\t\t\t\t\t\t\t\t<p class=\"tm6\">Getting from Gran Canaria Airport (LPA) to your destination is very easy with Canary Taxi Bus, as you have options ranging from inexpensive buses to miniban <br \/>transfers. Here are the details of the best options in Canary Islands airport transfers updated for 2026.<\/p><p class=\"tm6\"><strong><span class=\"tm7\">The best local transfer company at Gran Canaria airport.<br \/><\/span><\/strong><strong>Payment:<\/strong> You can pay the driver on cash directly or online credit card like payment gateway.<\/p><p class=\"tm6\"><b>Official transfers company<br \/><\/b>Our transports are waiting for you just outside the arrivals area. Taxis operate flat rate, although you can check estimated prices on the website information.<\/p><p class=\"tm6\"><b>Private Transfers<br \/><\/b>Booking in advance guarantees you a fixed price and that the driver will wait for you with a sign in arrivals.<\/p>\t\t\t\t\t\t\t\t<\/div>\n\t\t\t\t\t<\/div>\n\t\t\t\t<\/div>\n\t\t\t\t<\/div>\n\t\t","protected":false},"excerpt":{"rendered":"<p>Transfers in Gran Canaria and Tenerife Transfers on the islands of Gran Canaria and Tenerife. Select your destination island and the available locations. If you do not find the location you are looking for please send us a message and we will be happy to offer you this route. Canary Islands Airport Transfers Private taxi&hellip;&nbsp;<a href=\"https:\/\/canarytaxibus.com\/en\/transfers\/\" rel=\"bookmark\">Read More &raquo;<span class=\"screen-reader-text\">Transfers<\/span><\/a><\/p>\n","protected":false},"author":1,"featured_media":12298,"parent":0,"menu_order":0,"comment_status":"closed","ping_status":"closed","template":"page-templates\/template-pagebuilder-full-width.php","meta":{"neve_meta_sidebar":"","neve_meta_container":"","neve_meta_enable_content_width":"off","neve_meta_content_width":100,"neve_meta_title_alignment":"","neve_meta_author_avatar":"","neve_post_elements_order":"","neve_meta_disable_header":"","neve_meta_disable_footer":"","neve_meta_disable_title":"","neve_meta_reading_time":"","footnotes":""},"class_list":["post-14966","page","type-page","status-publish","has-post-thumbnail","hentry"],"yoast_head":"<!-- This site is optimized with the Yoast SEO plugin v25.5 - https:\/\/yoast.com\/wordpress\/plugins\/seo\/ -->\n<title>Gran Canaria Airport Transfers - Canary Taxi Bus<\/title>\n<meta name=\"description\" content=\"Gran Canaria Airport Transfers. Cheapest private taxi to the airports of Gran Canaria with Canary Taxi Bus, in the Canary Islands.\" \/>\n<meta name=\"robots\" content=\"index, follow, max-snippet:-1, max-image-preview:large, max-video-preview:-1\" \/>\n<link rel=\"canonical\" href=\"https:\/\/canarytaxibus.com\/en\/transfers\/\" \/>\n<meta property=\"og:locale\" content=\"en_US\" \/>\n<meta property=\"og:type\" content=\"article\" \/>\n<meta property=\"og:title\" content=\"Gran Canaria Airport Transfers - Canary Taxi Bus\" \/>\n<meta property=\"og:description\" content=\"Gran Canaria Airport Transfers. Cheapest private taxi to the airports of Gran Canaria with Canary Taxi Bus, in the Canary Islands.\" \/>\n<meta property=\"og:url\" content=\"https:\/\/canarytaxibus.com\/en\/transfers\/\" \/>\n<meta property=\"og:site_name\" content=\"Canary Taxi Bus\" \/>\n<meta property=\"article:publisher\" content=\"https:\/\/www.facebook.com\/canarytaxibus\/\" \/>\n<meta property=\"article:modified_time\" content=\"2026-03-05T18:50:18+00:00\" \/>\n<meta property=\"og:image\" content=\"https:\/\/canarytaxibus.com\/wp-content\/uploads\/2023\/12\/grancanaria.webp\" \/>\n\t<meta property=\"og:image:width\" content=\"1920\" \/>\n\t<meta property=\"og:image:height\" content=\"1280\" \/>\n\t<meta property=\"og:image:type\" content=\"image\/webp\" \/>\n<meta name=\"twitter:card\" content=\"summary_large_image\" \/>\n<meta name=\"twitter:site\" content=\"@canarytaxibus\" \/>\n<meta name=\"twitter:label1\" content=\"Est. reading time\" \/>\n\t<meta name=\"twitter:data1\" content=\"2 minutes\" \/>\n<script type=\"application\/ld+json\" class=\"yoast-schema-graph\">{\"@context\":\"https:\/\/schema.org\",\"@graph\":[{\"@type\":\"WebPage\",\"@id\":\"https:\/\/canarytaxibus.com\/en\/transfers\/\",\"url\":\"https:\/\/canarytaxibus.com\/en\/transfers\/\",\"name\":\"Gran Canaria Airport Transfers - Canary Taxi Bus\",\"isPartOf\":{\"@id\":\"https:\/\/canarytaxibus.com\/en\/#website\"},\"primaryImageOfPage\":{\"@id\":\"https:\/\/canarytaxibus.com\/en\/transfers\/#primaryimage\"},\"image\":{\"@id\":\"https:\/\/canarytaxibus.com\/en\/transfers\/#primaryimage\"},\"thumbnailUrl\":\"https:\/\/canarytaxibus.com\/wp-content\/uploads\/2023\/12\/grancanaria.webp\",\"datePublished\":\"2023-10-20T11:20:53+00:00\",\"dateModified\":\"2026-03-05T18:50:18+00:00\",\"description\":\"Gran Canaria Airport Transfers. Cheapest private taxi to the airports of Gran Canaria with Canary Taxi Bus, in the Canary Islands.\",\"inLanguage\":\"en-US\",\"potentialAction\":[{\"@type\":\"ReadAction\",\"target\":[\"https:\/\/canarytaxibus.com\/en\/transfers\/\"]}]},{\"@type\":\"ImageObject\",\"inLanguage\":\"en-US\",\"@id\":\"https:\/\/canarytaxibus.com\/en\/transfers\/#primaryimage\",\"url\":\"https:\/\/canarytaxibus.com\/wp-content\/uploads\/2023\/12\/grancanaria.webp\",\"contentUrl\":\"https:\/\/canarytaxibus.com\/wp-content\/uploads\/2023\/12\/grancanaria.webp\",\"width\":1920,\"height\":1280,\"caption\":\"gran canaria transfers\"},{\"@type\":\"WebSite\",\"@id\":\"https:\/\/canarytaxibus.com\/en\/#website\",\"url\":\"https:\/\/canarytaxibus.com\/en\/\",\"name\":\"Taxi Transfers Aeropuerto Gran Canaria, Canary Taxi Bus\",\"description\":\"Gran Canaria Airport Transfers\",\"publisher\":{\"@id\":\"https:\/\/canarytaxibus.com\/en\/#organization\"},\"alternateName\":\"Transfers Aeropuerto Gran Canaria\",\"potentialAction\":[{\"@type\":\"SearchAction\",\"target\":{\"@type\":\"EntryPoint\",\"urlTemplate\":\"https:\/\/canarytaxibus.com\/en\/?s={search_term_string}\"},\"query-input\":{\"@type\":\"PropertyValueSpecification\",\"valueRequired\":true,\"valueName\":\"search_term_string\"}}],\"inLanguage\":\"en-US\"},{\"@type\":\"Organization\",\"@id\":\"https:\/\/canarytaxibus.com\/en\/#organization\",\"name\":\"Canary Taxi Bus\",\"url\":\"https:\/\/canarytaxibus.com\/en\/\",\"logo\":{\"@type\":\"ImageObject\",\"inLanguage\":\"en-US\",\"@id\":\"https:\/\/canarytaxibus.com\/en\/#\/schema\/logo\/image\/\",\"url\":\"https:\/\/canarytaxibus.com\/wp-content\/uploads\/2024\/05\/logocanary.png\",\"contentUrl\":\"https:\/\/canarytaxibus.com\/wp-content\/uploads\/2024\/05\/logocanary.png\",\"width\":442,\"height\":90,\"caption\":\"Canary Taxi Bus\"},\"image\":{\"@id\":\"https:\/\/canarytaxibus.com\/en\/#\/schema\/logo\/image\/\"},\"sameAs\":[\"https:\/\/www.facebook.com\/canarytaxibus\/\",\"https:\/\/x.com\/canarytaxibus\"]}]}<\/script>\n<!-- \/ Yoast SEO plugin. -->","yoast_head_json":{"title":"Gran Canaria Airport Transfers - Canary Taxi Bus","description":"Gran Canaria Airport Transfers. Cheapest private taxi to the airports of Gran Canaria with Canary Taxi Bus, in the Canary Islands.","robots":{"index":"index","follow":"follow","max-snippet":"max-snippet:-1","max-image-preview":"max-image-preview:large","max-video-preview":"max-video-preview:-1"},"canonical":"https:\/\/canarytaxibus.com\/en\/transfers\/","og_locale":"en_US","og_type":"article","og_title":"Gran Canaria Airport Transfers - Canary Taxi Bus","og_description":"Gran Canaria Airport Transfers. Cheapest private taxi to the airports of Gran Canaria with Canary Taxi Bus, in the Canary Islands.","og_url":"https:\/\/canarytaxibus.com\/en\/transfers\/","og_site_name":"Canary Taxi Bus","article_publisher":"https:\/\/www.facebook.com\/canarytaxibus\/","article_modified_time":"2026-03-05T18:50:18+00:00","og_image":[{"width":1920,"height":1280,"url":"https:\/\/canarytaxibus.com\/wp-content\/uploads\/2023\/12\/grancanaria.webp","type":"image\/webp"}],"twitter_card":"summary_large_image","twitter_site":"@canarytaxibus","twitter_misc":{"Est. reading time":"2 minutes"},"schema":{"@context":"https:\/\/schema.org","@graph":[{"@type":"WebPage","@id":"https:\/\/canarytaxibus.com\/en\/transfers\/","url":"https:\/\/canarytaxibus.com\/en\/transfers\/","name":"Gran Canaria Airport Transfers - Canary Taxi Bus","isPartOf":{"@id":"https:\/\/canarytaxibus.com\/en\/#website"},"primaryImageOfPage":{"@id":"https:\/\/canarytaxibus.com\/en\/transfers\/#primaryimage"},"image":{"@id":"https:\/\/canarytaxibus.com\/en\/transfers\/#primaryimage"},"thumbnailUrl":"https:\/\/canarytaxibus.com\/wp-content\/uploads\/2023\/12\/grancanaria.webp","datePublished":"2023-10-20T11:20:53+00:00","dateModified":"2026-03-05T18:50:18+00:00","description":"Gran Canaria Airport Transfers. Cheapest private taxi to the airports of Gran Canaria with Canary Taxi Bus, in the Canary Islands.","inLanguage":"en-US","potentialAction":[{"@type":"ReadAction","target":["https:\/\/canarytaxibus.com\/en\/transfers\/"]}]},{"@type":"ImageObject","inLanguage":"en-US","@id":"https:\/\/canarytaxibus.com\/en\/transfers\/#primaryimage","url":"https:\/\/canarytaxibus.com\/wp-content\/uploads\/2023\/12\/grancanaria.webp","contentUrl":"https:\/\/canarytaxibus.com\/wp-content\/uploads\/2023\/12\/grancanaria.webp","width":1920,"height":1280,"caption":"gran canaria transfers"},{"@type":"WebSite","@id":"https:\/\/canarytaxibus.com\/en\/#website","url":"https:\/\/canarytaxibus.com\/en\/","name":"Taxi Transfers Aeropuerto Gran Canaria, Canary Taxi Bus","description":"Gran Canaria Airport Transfers","publisher":{"@id":"https:\/\/canarytaxibus.com\/en\/#organization"},"alternateName":"Transfers Aeropuerto Gran Canaria","potentialAction":[{"@type":"SearchAction","target":{"@type":"EntryPoint","urlTemplate":"https:\/\/canarytaxibus.com\/en\/?s={search_term_string}"},"query-input":{"@type":"PropertyValueSpecification","valueRequired":true,"valueName":"search_term_string"}}],"inLanguage":"en-US"},{"@type":"Organization","@id":"https:\/\/canarytaxibus.com\/en\/#organization","name":"Canary Taxi Bus","url":"https:\/\/canarytaxibus.com\/en\/","logo":{"@type":"ImageObject","inLanguage":"en-US","@id":"https:\/\/canarytaxibus.com\/en\/#\/schema\/logo\/image\/","url":"https:\/\/canarytaxibus.com\/wp-content\/uploads\/2024\/05\/logocanary.png","contentUrl":"https:\/\/canarytaxibus.com\/wp-content\/uploads\/2024\/05\/logocanary.png","width":442,"height":90,"caption":"Canary Taxi Bus"},"image":{"@id":"https:\/\/canarytaxibus.com\/en\/#\/schema\/logo\/image\/"},"sameAs":["https:\/\/www.facebook.com\/canarytaxibus\/","https:\/\/x.com\/canarytaxibus"]}]}},"_links":{"self":[{"href":"https:\/\/canarytaxibus.com\/en\/wp-json\/wp\/v2\/pages\/14966","targetHints":{"allow":["GET"]}}],"collection":[{"href":"https:\/\/canarytaxibus.com\/en\/wp-json\/wp\/v2\/pages"}],"about":[{"href":"https:\/\/canarytaxibus.com\/en\/wp-json\/wp\/v2\/types\/page"}],"author":[{"embeddable":true,"href":"https:\/\/canarytaxibus.com\/en\/wp-json\/wp\/v2\/users\/1"}],"replies":[{"embeddable":true,"href":"https:\/\/canarytaxibus.com\/en\/wp-json\/wp\/v2\/comments?post=14966"}],"version-history":[{"count":0,"href":"https:\/\/canarytaxibus.com\/en\/wp-json\/wp\/v2\/pages\/14966\/revisions"}],"wp:featuredmedia":[{"embeddable":true,"href":"https:\/\/canarytaxibus.com\/en\/wp-json\/wp\/v2\/media\/12298"}],"wp:attachment":[{"href":"https:\/\/canarytaxibus.com\/en\/wp-json\/wp\/v2\/media?parent=14966"}],"curies":[{"name":"wp","href":"https:\/\/api.w.org\/{rel}","templated":true}]}}