{"id":18615,"date":"2024-04-26T15:10:02","date_gmt":"2024-04-26T14:10:02","guid":{"rendered":"https:\/\/taxibuscanarias.com\/politica-de-privacidad\/"},"modified":"2024-09-19T14:31:15","modified_gmt":"2024-09-19T13:31:15","slug":"datenschutzerklaerung","status":"publish","type":"page","link":"https:\/\/canarytaxibus.com\/de\/datenschutzerklaerung\/","title":{"rendered":"Datenschutzerkl\u00e4rung"},"content":{"rendered":"\t\t<div data-elementor-type=\"wp-page\" data-elementor-id=\"18615\" class=\"elementor elementor-18615 elementor-18587\" data-elementor-post-type=\"page\">\n\t\t\t\t\t\t<section class=\"elementor-section elementor-top-section elementor-element elementor-element-a3bef07 elementor-section-height-min-height elementor-section-boxed elementor-section-height-default elementor-section-items-middle\" data-id=\"a3bef07\" data-element_type=\"section\" data-settings=\"{&quot;background_background&quot;:&quot;classic&quot;,&quot;shape_divider_bottom&quot;:&quot;mountains&quot;}\">\n\t\t\t\t\t\t\t<div class=\"elementor-background-overlay\"><\/div>\n\t\t\t\t\t\t<div class=\"elementor-shape elementor-shape-bottom\" aria-hidden=\"true\" data-negative=\"false\">\n\t\t\t<svg xmlns=\"http:\/\/www.w3.org\/2000\/svg\" viewBox=\"0 0 1000 100\" preserveAspectRatio=\"none\">\n\t<path class=\"elementor-shape-fill\" opacity=\"0.33\" d=\"M473,67.3c-203.9,88.3-263.1-34-320.3,0C66,119.1,0,59.7,0,59.7V0h1000v59.7 c0,0-62.1,26.1-94.9,29.3c-32.8,3.3-62.8-12.3-75.8-22.1C806,49.6,745.3,8.7,694.9,4.7S492.4,59,473,67.3z\"\/>\n\t<path class=\"elementor-shape-fill\" opacity=\"0.66\" d=\"M734,67.3c-45.5,0-77.2-23.2-129.1-39.1c-28.6-8.7-150.3-10.1-254,39.1 s-91.7-34.4-149.2,0C115.7,118.3,0,39.8,0,39.8V0h1000v36.5c0,0-28.2-18.5-92.1-18.5C810.2,18.1,775.7,67.3,734,67.3z\"\/>\n\t<path class=\"elementor-shape-fill\" d=\"M766.1,28.9c-200-57.5-266,65.5-395.1,19.5C242,1.8,242,5.4,184.8,20.6C128,35.8,132.3,44.9,89.9,52.5C28.6,63.7,0,0,0,0 h1000c0,0-9.9,40.9-83.6,48.1S829.6,47,766.1,28.9z\"\/>\n<\/svg>\t\t<\/div>\n\t\t\t\t\t<div class=\"elementor-container elementor-column-gap-no\">\n\t\t\t\t\t<div class=\"elementor-column elementor-col-100 elementor-top-column elementor-element elementor-element-7132e8f\" data-id=\"7132e8f\" data-element_type=\"column\">\n\t\t\t<div class=\"elementor-widget-wrap elementor-element-populated\">\n\t\t\t\t\t\t<div class=\"elementor-element elementor-element-acafeef elementor-widget elementor-widget-heading\" data-id=\"acafeef\" data-element_type=\"widget\" data-widget_type=\"heading.default\">\n\t\t\t\t<div class=\"elementor-widget-container\">\n\t\t\t\t\t<h1 class=\"elementor-heading-title elementor-size-default\">Canary Taxi Bus Datenschutzrichtlinie<\/h1>\t\t\t\t<\/div>\n\t\t\t\t<\/div>\n\t\t\t\t<div class=\"elementor-element elementor-element-44f7ef3 elementor-widget elementor-widget-text-editor\" data-id=\"44f7ef3\" data-element_type=\"widget\" data-widget_type=\"text-editor.default\">\n\t\t\t\t<div class=\"elementor-widget-container\">\n\t\t\t\t\t\t\t\t\t<p>Datenschutzerkl\u00e4rung f\u00fcr Reservierungen, Nutzerrechte und Service\u00e4nderungen. Kontaktformular und Weitergabe von Buchungsdaten. Wenn Sie eine Reservierung vornehmen, werden Ihre Daten ausschlie\u00dflich f\u00fcr die Abwicklung von Canary Taxi Bus verwendet.<\/p>\t\t\t\t\t\t\t\t<\/div>\n\t\t\t\t<\/div>\n\t\t\t\t<div class=\"elementor-element elementor-element-567e9e8 elementor-align-center elementor-widget elementor-widget-breadcrumbs\" data-id=\"567e9e8\" data-element_type=\"widget\" data-widget_type=\"breadcrumbs.default\">\n\t\t\t\t<div class=\"elementor-widget-container\">\n\t\t\t\t\t<p id=\"breadcrumbs\"><\/p>\t\t\t\t<\/div>\n\t\t\t\t<\/div>\n\t\t\t\t\t<\/div>\n\t\t<\/div>\n\t\t\t\t\t<\/div>\n\t\t<\/section>\n\t\t\t\t<section class=\"elementor-section elementor-top-section elementor-element elementor-element-70ab0ea elementor-section-boxed elementor-section-height-default elementor-section-height-default\" data-id=\"70ab0ea\" data-element_type=\"section\" data-settings=\"{&quot;background_background&quot;:&quot;classic&quot;}\">\n\t\t\t\t\t\t<div class=\"elementor-container elementor-column-gap-default\">\n\t\t\t\t\t<div class=\"elementor-column elementor-col-100 elementor-top-column elementor-element elementor-element-28028d3\" data-id=\"28028d3\" data-element_type=\"column\">\n\t\t\t<div class=\"elementor-widget-wrap elementor-element-populated\">\n\t\t\t\t\t\t<div class=\"elementor-element elementor-element-114ee68 elementor-widget elementor-widget-spacer\" data-id=\"114ee68\" data-element_type=\"widget\" data-widget_type=\"spacer.default\">\n\t\t\t\t<div class=\"elementor-widget-container\">\n\t\t\t\t\t\t\t<div class=\"elementor-spacer\">\n\t\t\t<div class=\"elementor-spacer-inner\"><\/div>\n\t\t<\/div>\n\t\t\t\t\t\t<\/div>\n\t\t\t\t<\/div>\n\t\t\t\t<div class=\"elementor-element elementor-element-1a307ff elementor-widget elementor-widget-heading\" data-id=\"1a307ff\" data-element_type=\"widget\" data-widget_type=\"heading.default\">\n\t\t\t\t<div class=\"elementor-widget-container\">\n\t\t\t\t\t<p class=\"elementor-heading-title elementor-size-default\">Datenschutzrichtlinie<\/p>\t\t\t\t<\/div>\n\t\t\t\t<\/div>\n\t\t\t\t<div class=\"elementor-element elementor-element-852eb6a elementor-widget elementor-widget-text-editor\" data-id=\"852eb6a\" data-element_type=\"widget\" data-widget_type=\"text-editor.default\">\n\t\t\t\t<div class=\"elementor-widget-container\">\n\t\t\t\t\t\t\t\t\t<p><strong>Wer wir sind<\/strong><\/p><p>Unternehmen: Welcome Bus Canarias S. L. CIF: B76285170. Adresse: Bajada de las Guayarminas 24, 1\u00ba. CP: 35460, Galdar, Las Palmas, Spanien.<\/p><p><strong>Welche personenbezogenen Daten wir sammeln und warum wir sie sammeln<\/strong><\/p><p><strong>1. Kontaktformulare<\/strong><\/p><p>Wir erfassen die Mindestdaten f\u00fcr den <a href=\"https:\/\/canarytaxibus.com\/de\/kontakten-sie-uns\/\">Kontakt<\/a> mit Canary Taxi Bus Name der Person, mit der Sie Kontakt aufnehmen, sowie eine Antwort-E-Mail. Diese Daten werden in keiner Registrierung oder Datenbank gespeichert, sondern nur im E-Mail-Manager, der zur Beantwortung verwendet wird.<\/p><p><strong>2. Reservierungsformular<\/strong><\/p><p>Um die Reservierung so einfach und schnell wie m\u00f6glich zu gestalten, erheben wir nur folgende Daten:<\/p><p>Vorname, Nachname, E-Mail-Adresse, Telefon, Reiseziel auf den Kanarischen Inseln, Herkunftsort, Flugnummer und Ankunftszeit. Sie k\u00f6nnen die L\u00f6schung dieser Daten \u00fcber unser Datenschutzcenter beantragen.<\/p><p><strong>3. Cookies<\/strong><\/p><p>Wenn Sie ein Formular auf unserer Website ausf\u00fcllen, k\u00f6nnen Sie Ihren Namen, Ihre E-Mail-Adresse und Ihre Website in Cookies speichern. Diese dienen Ihrer Bequemlichkeit, damit Sie Ihre Daten nicht erneut eingeben m\u00fcssen, wenn Sie einen weiteren Kommentar hinterlassen. Diese Cookies sind ein Jahr lang haltbar. Sie k\u00f6nnen einige dieser Cookies auch blockieren, aber Ihr Surfen auf unserer Website wird dann nicht optimal sein.<\/p><p><strong>4. Analytics<\/strong><\/p><p>Diese Website enth\u00e4lt Cookies von <a href=\"https:\/\/tagmanager.google.com\/?hl=es\" target=\"_blank\" rel=\"noopener\">Google Analytics <\/a> um Statistiken zu sammeln und eine bessere Benutzererfahrung zu bieten. Sie k\u00f6nnen sie \u00fcber unser Datenschutztool deaktivieren.<\/p><p><strong>5. Welche Rechte Sie an Ihren Daten haben<\/strong><\/p><p>Wenn Sie ein Konto auf dieser Website haben oder Kommentare hinterlassen haben, k\u00f6nnen Sie den Erhalt einer exportierten Datei der personenbezogenen Daten anfordern, die wir \u00fcber Sie gespeichert haben, einschlie\u00dflich alle Daten, die Sie uns zur Verf\u00fcgung gestellt haben. Sie k\u00f6nnen auch verlangen, dass wir alle personenbezogenen Daten, die wir \u00fcber Sie gespeichert haben, l\u00f6schen. Hiervon ausgenommen sind Daten, die wir aus administrativen, rechtlichen oder sicherheitsrelevanten Gr\u00fcnden aufbewahren m\u00fcssen.<\/p><p><strong>6. Wohin senden wir Ihre Daten?<\/strong><\/p><p>Die auf dieser Website gesammelten Daten werden nicht an Dritte oder Unternehmen weitergegeben, sondern dienen ausschlie\u00dflich der Abwicklung von Canary Taxi Bus bei der Reservierung.<\/p>\t\t\t\t\t\t\t\t<\/div>\n\t\t\t\t<\/div>\n\t\t\t\t<div class=\"elementor-element elementor-element-073cf1b elementor-widget elementor-widget-spacer\" data-id=\"073cf1b\" data-element_type=\"widget\" data-widget_type=\"spacer.default\">\n\t\t\t\t<div class=\"elementor-widget-container\">\n\t\t\t\t\t\t\t<div class=\"elementor-spacer\">\n\t\t\t<div class=\"elementor-spacer-inner\"><\/div>\n\t\t<\/div>\n\t\t\t\t\t\t<\/div>\n\t\t\t\t<\/div>\n\t\t\t\t\t<\/div>\n\t\t<\/div>\n\t\t\t\t\t<\/div>\n\t\t<\/section>\n\t\t\t\t<\/div>\n\t\t","protected":false},"excerpt":{"rendered":"<p>Canary Taxi Bus Datenschutzrichtlinie Datenschutzerkl\u00e4rung f\u00fcr Reservierungen, Nutzerrechte und Service\u00e4nderungen. Kontaktformular und Weitergabe von Buchungsdaten. Wenn Sie eine Reservierung vornehmen, werden Ihre Daten ausschlie\u00dflich f\u00fcr die Abwicklung von Canary Taxi Bus verwendet. Datenschutzrichtlinie Wer wir sind Unternehmen: Welcome Bus Canarias S. L. CIF: B76285170. Adresse: Bajada de las Guayarminas 24, 1\u00ba. CP: 35460, Galdar, Las&hellip;&nbsp;<a href=\"https:\/\/canarytaxibus.com\/de\/datenschutzerklaerung\/\" rel=\"bookmark\">Mehr lesen &raquo;<span class=\"screen-reader-text\">Datenschutzerkl\u00e4rung<\/span><\/a><\/p>\n","protected":false},"author":1,"featured_media":18542,"parent":0,"menu_order":0,"comment_status":"closed","ping_status":"closed","template":"page-templates\/template-pagebuilder-full-width.php","meta":{"neve_meta_sidebar":"","neve_meta_container":"","neve_meta_enable_content_width":"off","neve_meta_content_width":100,"neve_meta_title_alignment":"","neve_meta_author_avatar":"","neve_post_elements_order":"","neve_meta_disable_header":"","neve_meta_disable_footer":"","neve_meta_disable_title":"","neve_meta_reading_time":"","footnotes":""},"class_list":["post-18615","page","type-page","status-publish","has-post-thumbnail","hentry"],"yoast_head":"<!-- This site is optimized with the Yoast SEO Premium plugin v25.5 (Yoast SEO v25.5) - https:\/\/yoast.com\/wordpress\/plugins\/seo\/ -->\n<title>Datenschutzerklaerung Gran Canaria Flughafen - Canary Taxi Bus<\/title>\n<meta name=\"description\" content=\"Datenschutzerkl\u00e4rung Gran Canaria und Teneriffa Flughafentransfers. Buchen Sie Transfers mit Canary Taxi Bus in Las Palmas und Santa Cruz.\" \/>\n<meta name=\"robots\" content=\"index, follow, max-snippet:-1, max-image-preview:large, max-video-preview:-1\" \/>\n<link rel=\"canonical\" href=\"https:\/\/canarytaxibus.com\/de\/datenschutzerklaerung\/\" \/>\n<meta property=\"og:locale\" content=\"de_DE\" \/>\n<meta property=\"og:type\" content=\"article\" \/>\n<meta property=\"og:title\" content=\"Datenschutzerkl\u00e4rung\" \/>\n<meta property=\"og:description\" content=\"Datenschutzerkl\u00e4rung Gran Canaria und Teneriffa Flughafentransfers. Buchen Sie Transfers mit Canary Taxi Bus in Las Palmas und Santa Cruz.\" \/>\n<meta property=\"og:url\" content=\"https:\/\/canarytaxibus.com\/de\/datenschutzerklaerung\/\" \/>\n<meta property=\"og:site_name\" content=\"Canary Taxi Bus\" \/>\n<meta property=\"article:publisher\" content=\"https:\/\/www.facebook.com\/canarytaxibus\/\" \/>\n<meta property=\"article:modified_time\" content=\"2024-09-19T13:31:15+00:00\" \/>\n<meta property=\"og:image\" content=\"https:\/\/canarytaxibus.com\/wp-content\/uploads\/2024\/04\/terminos-y-condiciones.png\" \/>\n\t<meta property=\"og:image:width\" content=\"900\" \/>\n\t<meta property=\"og:image:height\" content=\"900\" \/>\n\t<meta property=\"og:image:type\" content=\"image\/png\" \/>\n<meta name=\"twitter:card\" content=\"summary_large_image\" \/>\n<meta name=\"twitter:site\" content=\"@canarytaxibus\" \/>\n<meta name=\"twitter:label1\" content=\"Gesch\u00e4tzte Lesezeit\" \/>\n\t<meta name=\"twitter:data1\" content=\"2\u00a0Minuten\" \/>\n<script type=\"application\/ld+json\" class=\"yoast-schema-graph\">{\"@context\":\"https:\/\/schema.org\",\"@graph\":[{\"@type\":\"WebPage\",\"@id\":\"https:\/\/canarytaxibus.com\/de\/datenschutzerklaerung\/\",\"url\":\"https:\/\/canarytaxibus.com\/de\/datenschutzerklaerung\/\",\"name\":\"Datenschutzerklaerung Gran Canaria Flughafen - Canary Taxi Bus\",\"isPartOf\":{\"@id\":\"https:\/\/canarytaxibus.com\/de\/#website\"},\"primaryImageOfPage\":{\"@id\":\"https:\/\/canarytaxibus.com\/de\/datenschutzerklaerung\/#primaryimage\"},\"image\":{\"@id\":\"https:\/\/canarytaxibus.com\/de\/datenschutzerklaerung\/#primaryimage\"},\"thumbnailUrl\":\"https:\/\/canarytaxibus.com\/wp-content\/uploads\/2024\/04\/terminos-y-condiciones.png\",\"datePublished\":\"2024-04-26T14:10:02+00:00\",\"dateModified\":\"2024-09-19T13:31:15+00:00\",\"description\":\"Datenschutzerkl\u00e4rung Gran Canaria und Teneriffa Flughafentransfers. Buchen Sie Transfers mit Canary Taxi Bus in Las Palmas und Santa Cruz.\",\"inLanguage\":\"de\",\"potentialAction\":[{\"@type\":\"ReadAction\",\"target\":[\"https:\/\/canarytaxibus.com\/de\/datenschutzerklaerung\/\"]}]},{\"@type\":\"ImageObject\",\"inLanguage\":\"de\",\"@id\":\"https:\/\/canarytaxibus.com\/de\/datenschutzerklaerung\/#primaryimage\",\"url\":\"https:\/\/canarytaxibus.com\/wp-content\/uploads\/2024\/04\/terminos-y-condiciones.png\",\"contentUrl\":\"https:\/\/canarytaxibus.com\/wp-content\/uploads\/2024\/04\/terminos-y-condiciones.png\",\"width\":900,\"height\":900,\"caption\":\"Terminos\"},{\"@type\":\"WebSite\",\"@id\":\"https:\/\/canarytaxibus.com\/de\/#website\",\"url\":\"https:\/\/canarytaxibus.com\/de\/\",\"name\":\"Taxi Transfers Aeropuerto Gran Canaria, Canary Taxi Bus\",\"description\":\"Gran Canaria Flughafentransfers\",\"publisher\":{\"@id\":\"https:\/\/canarytaxibus.com\/de\/#organization\"},\"alternateName\":\"Transfers Aeropuerto Gran Canaria\",\"potentialAction\":[{\"@type\":\"SearchAction\",\"target\":{\"@type\":\"EntryPoint\",\"urlTemplate\":\"https:\/\/canarytaxibus.com\/de\/?s={search_term_string}\"},\"query-input\":{\"@type\":\"PropertyValueSpecification\",\"valueRequired\":true,\"valueName\":\"search_term_string\"}}],\"inLanguage\":\"de\"},{\"@type\":\"Organization\",\"@id\":\"https:\/\/canarytaxibus.com\/de\/#organization\",\"name\":\"Canary Taxi Bus\",\"url\":\"https:\/\/canarytaxibus.com\/de\/\",\"logo\":{\"@type\":\"ImageObject\",\"inLanguage\":\"de\",\"@id\":\"https:\/\/canarytaxibus.com\/de\/#\/schema\/logo\/image\/\",\"url\":\"https:\/\/canarytaxibus.com\/wp-content\/uploads\/2024\/05\/logocanary.png\",\"contentUrl\":\"https:\/\/canarytaxibus.com\/wp-content\/uploads\/2024\/05\/logocanary.png\",\"width\":442,\"height\":90,\"caption\":\"Canary Taxi Bus\"},\"image\":{\"@id\":\"https:\/\/canarytaxibus.com\/de\/#\/schema\/logo\/image\/\"},\"sameAs\":[\"https:\/\/www.facebook.com\/canarytaxibus\/\",\"https:\/\/x.com\/canarytaxibus\"]}]}<\/script>\n<!-- \/ Yoast SEO Premium plugin. -->","yoast_head_json":{"title":"Datenschutzerklaerung Gran Canaria Flughafen - Canary Taxi Bus","description":"Datenschutzerkl\u00e4rung Gran Canaria und Teneriffa Flughafentransfers. Buchen Sie Transfers mit Canary Taxi Bus in Las Palmas und Santa Cruz.","robots":{"index":"index","follow":"follow","max-snippet":"max-snippet:-1","max-image-preview":"max-image-preview:large","max-video-preview":"max-video-preview:-1"},"canonical":"https:\/\/canarytaxibus.com\/de\/datenschutzerklaerung\/","og_locale":"de_DE","og_type":"article","og_title":"Datenschutzerkl\u00e4rung","og_description":"Datenschutzerkl\u00e4rung Gran Canaria und Teneriffa Flughafentransfers. Buchen Sie Transfers mit Canary Taxi Bus in Las Palmas und Santa Cruz.","og_url":"https:\/\/canarytaxibus.com\/de\/datenschutzerklaerung\/","og_site_name":"Canary Taxi Bus","article_publisher":"https:\/\/www.facebook.com\/canarytaxibus\/","article_modified_time":"2024-09-19T13:31:15+00:00","og_image":[{"width":900,"height":900,"url":"https:\/\/canarytaxibus.com\/wp-content\/uploads\/2024\/04\/terminos-y-condiciones.png","type":"image\/png"}],"twitter_card":"summary_large_image","twitter_site":"@canarytaxibus","twitter_misc":{"Gesch\u00e4tzte Lesezeit":"2\u00a0Minuten"},"schema":{"@context":"https:\/\/schema.org","@graph":[{"@type":"WebPage","@id":"https:\/\/canarytaxibus.com\/de\/datenschutzerklaerung\/","url":"https:\/\/canarytaxibus.com\/de\/datenschutzerklaerung\/","name":"Datenschutzerklaerung Gran Canaria Flughafen - Canary Taxi Bus","isPartOf":{"@id":"https:\/\/canarytaxibus.com\/de\/#website"},"primaryImageOfPage":{"@id":"https:\/\/canarytaxibus.com\/de\/datenschutzerklaerung\/#primaryimage"},"image":{"@id":"https:\/\/canarytaxibus.com\/de\/datenschutzerklaerung\/#primaryimage"},"thumbnailUrl":"https:\/\/canarytaxibus.com\/wp-content\/uploads\/2024\/04\/terminos-y-condiciones.png","datePublished":"2024-04-26T14:10:02+00:00","dateModified":"2024-09-19T13:31:15+00:00","description":"Datenschutzerkl\u00e4rung Gran Canaria und Teneriffa Flughafentransfers. Buchen Sie Transfers mit Canary Taxi Bus in Las Palmas und Santa Cruz.","inLanguage":"de","potentialAction":[{"@type":"ReadAction","target":["https:\/\/canarytaxibus.com\/de\/datenschutzerklaerung\/"]}]},{"@type":"ImageObject","inLanguage":"de","@id":"https:\/\/canarytaxibus.com\/de\/datenschutzerklaerung\/#primaryimage","url":"https:\/\/canarytaxibus.com\/wp-content\/uploads\/2024\/04\/terminos-y-condiciones.png","contentUrl":"https:\/\/canarytaxibus.com\/wp-content\/uploads\/2024\/04\/terminos-y-condiciones.png","width":900,"height":900,"caption":"Terminos"},{"@type":"WebSite","@id":"https:\/\/canarytaxibus.com\/de\/#website","url":"https:\/\/canarytaxibus.com\/de\/","name":"Taxi Transfers Aeropuerto Gran Canaria, Canary Taxi Bus","description":"Gran Canaria Flughafentransfers","publisher":{"@id":"https:\/\/canarytaxibus.com\/de\/#organization"},"alternateName":"Transfers Aeropuerto Gran Canaria","potentialAction":[{"@type":"SearchAction","target":{"@type":"EntryPoint","urlTemplate":"https:\/\/canarytaxibus.com\/de\/?s={search_term_string}"},"query-input":{"@type":"PropertyValueSpecification","valueRequired":true,"valueName":"search_term_string"}}],"inLanguage":"de"},{"@type":"Organization","@id":"https:\/\/canarytaxibus.com\/de\/#organization","name":"Canary Taxi Bus","url":"https:\/\/canarytaxibus.com\/de\/","logo":{"@type":"ImageObject","inLanguage":"de","@id":"https:\/\/canarytaxibus.com\/de\/#\/schema\/logo\/image\/","url":"https:\/\/canarytaxibus.com\/wp-content\/uploads\/2024\/05\/logocanary.png","contentUrl":"https:\/\/canarytaxibus.com\/wp-content\/uploads\/2024\/05\/logocanary.png","width":442,"height":90,"caption":"Canary Taxi Bus"},"image":{"@id":"https:\/\/canarytaxibus.com\/de\/#\/schema\/logo\/image\/"},"sameAs":["https:\/\/www.facebook.com\/canarytaxibus\/","https:\/\/x.com\/canarytaxibus"]}]}},"_links":{"self":[{"href":"https:\/\/canarytaxibus.com\/de\/wp-json\/wp\/v2\/pages\/18615","targetHints":{"allow":["GET"]}}],"collection":[{"href":"https:\/\/canarytaxibus.com\/de\/wp-json\/wp\/v2\/pages"}],"about":[{"href":"https:\/\/canarytaxibus.com\/de\/wp-json\/wp\/v2\/types\/page"}],"author":[{"embeddable":true,"href":"https:\/\/canarytaxibus.com\/de\/wp-json\/wp\/v2\/users\/1"}],"replies":[{"embeddable":true,"href":"https:\/\/canarytaxibus.com\/de\/wp-json\/wp\/v2\/comments?post=18615"}],"version-history":[{"count":0,"href":"https:\/\/canarytaxibus.com\/de\/wp-json\/wp\/v2\/pages\/18615\/revisions"}],"wp:featuredmedia":[{"embeddable":true,"href":"https:\/\/canarytaxibus.com\/de\/wp-json\/wp\/v2\/media\/18542"}],"wp:attachment":[{"href":"https:\/\/canarytaxibus.com\/de\/wp-json\/wp\/v2\/media?parent=18615"}],"curies":[{"name":"wp","href":"https:\/\/api.w.org\/{rel}","templated":true}]}}