{"id":18562,"date":"2024-04-25T14:16:34","date_gmt":"2024-04-25T13:16:34","guid":{"rendered":"https:\/\/taxibuscanarias.com\/terminos-y-condiciones\/"},"modified":"2025-10-22T15:45:04","modified_gmt":"2025-10-22T14:45:04","slug":"bedingungen-und-konditionen","status":"publish","type":"page","link":"https:\/\/canarytaxibus.com\/de\/bedingungen-und-konditionen\/","title":{"rendered":"Bedingungen und Konditionen"},"content":{"rendered":"\t\t<div data-elementor-type=\"wp-page\" data-elementor-id=\"18562\" class=\"elementor elementor-18562 elementor-18538\" data-elementor-post-type=\"page\">\n\t\t\t\t\t\t<section class=\"elementor-section elementor-top-section elementor-element elementor-element-a3bef07 elementor-section-height-min-height elementor-section-boxed elementor-section-height-default elementor-section-items-middle\" data-id=\"a3bef07\" data-element_type=\"section\" data-settings=\"{&quot;background_background&quot;:&quot;classic&quot;,&quot;shape_divider_bottom&quot;:&quot;mountains&quot;}\">\n\t\t\t\t\t\t\t<div class=\"elementor-background-overlay\"><\/div>\n\t\t\t\t\t\t<div class=\"elementor-shape elementor-shape-bottom\" aria-hidden=\"true\" data-negative=\"false\">\n\t\t\t<svg xmlns=\"http:\/\/www.w3.org\/2000\/svg\" viewBox=\"0 0 1000 100\" preserveAspectRatio=\"none\">\n\t<path class=\"elementor-shape-fill\" opacity=\"0.33\" d=\"M473,67.3c-203.9,88.3-263.1-34-320.3,0C66,119.1,0,59.7,0,59.7V0h1000v59.7 c0,0-62.1,26.1-94.9,29.3c-32.8,3.3-62.8-12.3-75.8-22.1C806,49.6,745.3,8.7,694.9,4.7S492.4,59,473,67.3z\"\/>\n\t<path class=\"elementor-shape-fill\" opacity=\"0.66\" d=\"M734,67.3c-45.5,0-77.2-23.2-129.1-39.1c-28.6-8.7-150.3-10.1-254,39.1 s-91.7-34.4-149.2,0C115.7,118.3,0,39.8,0,39.8V0h1000v36.5c0,0-28.2-18.5-92.1-18.5C810.2,18.1,775.7,67.3,734,67.3z\"\/>\n\t<path class=\"elementor-shape-fill\" d=\"M766.1,28.9c-200-57.5-266,65.5-395.1,19.5C242,1.8,242,5.4,184.8,20.6C128,35.8,132.3,44.9,89.9,52.5C28.6,63.7,0,0,0,0 h1000c0,0-9.9,40.9-83.6,48.1S829.6,47,766.1,28.9z\"\/>\n<\/svg>\t\t<\/div>\n\t\t\t\t\t<div class=\"elementor-container elementor-column-gap-no\">\n\t\t\t\t\t<div class=\"elementor-column elementor-col-100 elementor-top-column elementor-element elementor-element-7132e8f\" data-id=\"7132e8f\" data-element_type=\"column\">\n\t\t\t<div class=\"elementor-widget-wrap elementor-element-populated\">\n\t\t\t\t\t\t<div class=\"elementor-element elementor-element-acafeef elementor-widget elementor-widget-heading\" data-id=\"acafeef\" data-element_type=\"widget\" data-widget_type=\"heading.default\">\n\t\t\t\t<div class=\"elementor-widget-container\">\n\t\t\t\t\t<h1 class=\"elementor-heading-title elementor-size-default\">Gesch\u00e4ftsbedingungen (Canary Taxi Bus)<\/h1>\t\t\t\t<\/div>\n\t\t\t\t<\/div>\n\t\t\t\t<div class=\"elementor-element elementor-element-44f7ef3 elementor-widget elementor-widget-text-editor\" data-id=\"44f7ef3\" data-element_type=\"widget\" data-widget_type=\"text-editor.default\">\n\t\t\t\t<div class=\"elementor-widget-container\">\n\t\t\t\t\t\t\t\t\t<p>Buchungsbedingungen und Dienstleistungen. Stornierungen durch die Nutzer, Gep\u00e4ckgeb\u00fchren pro Person, etc.<\/p>\t\t\t\t\t\t\t\t<\/div>\n\t\t\t\t<\/div>\n\t\t\t\t<div class=\"elementor-element elementor-element-567e9e8 elementor-align-center elementor-widget elementor-widget-breadcrumbs\" data-id=\"567e9e8\" data-element_type=\"widget\" data-widget_type=\"breadcrumbs.default\">\n\t\t\t\t<div class=\"elementor-widget-container\">\n\t\t\t\t\t<p id=\"breadcrumbs\"><\/p>\t\t\t\t<\/div>\n\t\t\t\t<\/div>\n\t\t\t\t\t<\/div>\n\t\t<\/div>\n\t\t\t\t\t<\/div>\n\t\t<\/section>\n\t\t\t\t<section class=\"elementor-section elementor-top-section elementor-element elementor-element-70ab0ea elementor-section-boxed elementor-section-height-default elementor-section-height-default\" data-id=\"70ab0ea\" data-element_type=\"section\" data-settings=\"{&quot;background_background&quot;:&quot;classic&quot;}\">\n\t\t\t\t\t\t<div class=\"elementor-container elementor-column-gap-default\">\n\t\t\t\t\t<div class=\"elementor-column elementor-col-100 elementor-top-column elementor-element elementor-element-28028d3\" data-id=\"28028d3\" data-element_type=\"column\">\n\t\t\t<div class=\"elementor-widget-wrap elementor-element-populated\">\n\t\t\t\t\t\t<div class=\"elementor-element elementor-element-114ee68 elementor-widget elementor-widget-spacer\" data-id=\"114ee68\" data-element_type=\"widget\" data-widget_type=\"spacer.default\">\n\t\t\t\t<div class=\"elementor-widget-container\">\n\t\t\t\t\t\t\t<div class=\"elementor-spacer\">\n\t\t\t<div class=\"elementor-spacer-inner\"><\/div>\n\t\t<\/div>\n\t\t\t\t\t\t<\/div>\n\t\t\t\t<\/div>\n\t\t\t\t<div class=\"elementor-element elementor-element-1a307ff elementor-widget elementor-widget-heading\" data-id=\"1a307ff\" data-element_type=\"widget\" data-widget_type=\"heading.default\">\n\t\t\t\t<div class=\"elementor-widget-container\">\n\t\t\t\t\t<h2 class=\"elementor-heading-title elementor-size-default\">Bedingungen f\u00fcr Personentransfers<\/h2>\t\t\t\t<\/div>\n\t\t\t\t<\/div>\n\t\t\t\t<div class=\"elementor-element elementor-element-852eb6a elementor-widget elementor-widget-text-editor\" data-id=\"852eb6a\" data-element_type=\"widget\" data-widget_type=\"text-editor.default\">\n\t\t\t\t<div class=\"elementor-widget-container\">\n\t\t\t\t\t\t\t\t\t<p><span style=\"text-decoration: underline;\"><strong>Unternehmen<\/strong><\/span><\/p>\n<p>Welcome Bus Canarias 2017 S. L.<br>CIF: B76285170<br>Bajada de las Guayarminas 24, 1\u00ba<br>35460, Galdar, Las Palmas, Spanien.<br>+34 690 738 678<br>info@canarytaxibus.com<\/p>\n<p><span style=\"text-decoration: underline;\"><strong>Stornierungen<\/strong><\/span><\/p>\n<p>Stornierungen durch die Nutzer dieser Website m\u00fcssen immer mindestens 36 Stunden vor dem Zeitpunkt der Abholung der Fahrg\u00e4ste f\u00fcr den Transfer erfolgen.<\/p>\n<p><span style=\"text-decoration: underline;\"><strong>R\u00fcckerstattungen<\/strong><\/span><\/p>\n<p>Bei einer Anfrage 36 Stunden vor der Abholung des\/der Passagiere(s) erfolgt keine R\u00fcckerstattung. Unser Unternehmen ist nicht verantwortlich f\u00fcr Flugannullierungen, Flughafenwechsel durch die Fluggesellschaft oder das Verpassen des Fluges durch den Kunden. Wir schicken ein Fahrzeug und einen Fahrer zum Abholort und dies ist kostenpflichtig. Daher ist eine R\u00fcckerstattung in diesen F\u00e4llen nicht m\u00f6glich.<\/p>\n<p><span style=\"text-decoration: underline;\"><strong>Reservierung<\/strong><\/span><\/p>\n<p>Reservierungen werden immer 36 Stunden vor der Abholung des Fahrgastes vorgenommen. Der Kalender des Reservierungssystems ist daf\u00fcr konfiguriert. Wenn die Buchung aus irgendeinem Grund weniger als 36 Stunden vor der Abholzeit erfolgt, \u00fcbernimmt das Unternehmen keine Garantie f\u00fcr den Service.<\/p>\n<p>Sie werden per E-Mail \u00fcber die Buchung mit dem Preis und den vereinbarten Leistungen benachrichtigt. Im Falle der Nichteinhaltung dieser Vereinbarung behalten wir uns das Recht vor, einen Teil oder den gesamten Betrag der Dienstleistung zu fordern.<\/p>\n<p>Wir behalten uns auch das Recht vor, jede Reservierung, die Sie bei uns machen, zu stornieren, immer mit einer Frist von mindestens 48 Stunden. Wir werden dies tun, indem wir Sie per E-Mail oder Telefonnummer zum Zeitpunkt der Buchung zur Verf\u00fcgung gestellt kontaktieren.<\/p>\n<p><strong>Allgemeine Gesch\u00e4ftsbedingungen f\u00fcr Online-Buchungen<\/strong><\/p>\n<p>Indem Sie diesen Gesch\u00e4ftsbedingungen zustimmen, versichern Sie, dass Sie in dem Staat oder der Provinz, in dem\/der Sie wohnen, mindestens vollj\u00e4hrig sind.<\/p>\n<p>Sie d\u00fcrfen unsere Dienste nicht f\u00fcr illegale oder unbefugte Zwecke nutzen, und Sie d\u00fcrfen bei der Nutzung des Dienstes nicht gegen die Gesetze Ihrer Gerichtsbarkeit versto\u00dfen (einschlie\u00dflich, aber nicht beschr\u00e4nkt auf Gesetze zum Schutz des geistigen Eigentums).<\/p>\n<p><strong>Benachrichtigung \u00fcber Personentransfers bei Nacht<\/strong><\/p>\n<p>F\u00fcr n\u00e4chtliche Fahrgasttransfers zwischen 19:00 und 07:00 Uhr wird ein Zuschlag von 50 Prozent des Fahrpreises erhoben, der direkt aufgeschlagen wird.<\/p>\n<h2>Allgemeine Bedingungen und Konditionen<\/h2>\n<p>Diese Website wird von Canary Taxi Bus betrieben. Die Begriffe &#8222;wir&#8220;, &#8222;uns&#8220;, &#8222;uns&#8220; und &#8222;unser&#8220; beziehen sich auf Canary Taxi Bus. Der Zweck dieser Website ist die Bereitstellung von Transferdienstleistungen von und zu den <a href=\"https:\/\/www.aena.es\/en\/passengers\/passengers.html\" target=\"_blank\" rel=\"noopener\">Flugh\u00e4fen<\/a> von Gran Canaria und Teneriffa.<\/p>\n<p><strong>Service- und Preis\u00e4nderungen<\/strong><\/p>\n<p>Wir behalten uns das Recht vor, den Service (oder Teile oder Inhalte davon) jederzeit ohne Vorank\u00fcndigung zu \u00e4ndern oder einzustellen. Vorausgesetzt, dass dies keine Auswirkungen auf bereits gebuchte oder vertraglich vereinbarte Leistungen hat.<\/p>\n<p>Die Preise f\u00fcr unsere Produkte k\u00f6nnen ohne Vorank\u00fcndigung ge\u00e4ndert werden. Vorausgesetzt, dass dies keine Auswirkungen auf bereits gebuchte Dienstleistungen hat.<\/p>\n<p><strong>Richtigkeit der Rechnungs- und Kontoinformationen<\/strong><\/p>\n<p>Sie m\u00fcssen auf dem Buchungsformular vollst\u00e4ndige und genaue Angaben machen.<\/p>\n<p><strong>Pers\u00f6nliche Daten<\/strong><\/p>\n<p>Die \u00dcbermittlung pers\u00f6nlicher Daten durch dieses Unternehmen unterliegt unserer <a href=\"https:\/\/canarytaxibus.com\/de\/datenschutzerklaerung\/\">Datenschutzrichtlinie<\/a>. Um unsere Datenschutzbestimmungen einzusehen, klicken Sie hier.<\/p>\n<p><strong>Kontaktinformationen<\/strong><\/p>\n<p>Bei Fragen zu den Allgemeinen Gesch\u00e4ftsbedingungen wenden Sie sich bitte an info@canarytaxibus.com.<\/p>\t\t\t\t\t\t\t\t<\/div>\n\t\t\t\t<\/div>\n\t\t\t\t<div class=\"elementor-element elementor-element-073cf1b elementor-widget elementor-widget-spacer\" data-id=\"073cf1b\" data-element_type=\"widget\" data-widget_type=\"spacer.default\">\n\t\t\t\t<div class=\"elementor-widget-container\">\n\t\t\t\t\t\t\t<div class=\"elementor-spacer\">\n\t\t\t<div class=\"elementor-spacer-inner\"><\/div>\n\t\t<\/div>\n\t\t\t\t\t\t<\/div>\n\t\t\t\t<\/div>\n\t\t\t\t\t<\/div>\n\t\t<\/div>\n\t\t\t\t\t<\/div>\n\t\t<\/section>\n\t\t\t\t<\/div>\n\t\t","protected":false},"excerpt":{"rendered":"<p>Gesch\u00e4ftsbedingungen (Canary Taxi Bus) Buchungsbedingungen und Dienstleistungen. Stornierungen durch die Nutzer, Gep\u00e4ckgeb\u00fchren pro Person, etc. Bedingungen f\u00fcr Personentransfers Unternehmen Welcome Bus Canarias 2017 S. L.CIF: B76285170Bajada de las Guayarminas 24, 1\u00ba35460, Galdar, Las Palmas, Spanien.+34 690 738 678info@canarytaxibus.com Stornierungen Stornierungen durch die Nutzer dieser Website m\u00fcssen immer mindestens 36 Stunden vor dem Zeitpunkt der Abholung&hellip;&nbsp;<a href=\"https:\/\/canarytaxibus.com\/de\/bedingungen-und-konditionen\/\" rel=\"bookmark\">Mehr lesen &raquo;<span class=\"screen-reader-text\">Bedingungen und Konditionen<\/span><\/a><\/p>\n","protected":false},"author":1,"featured_media":18542,"parent":0,"menu_order":0,"comment_status":"closed","ping_status":"closed","template":"page-templates\/template-pagebuilder-full-width.php","meta":{"neve_meta_sidebar":"","neve_meta_container":"","neve_meta_enable_content_width":"off","neve_meta_content_width":100,"neve_meta_title_alignment":"","neve_meta_author_avatar":"","neve_post_elements_order":"","neve_meta_disable_header":"","neve_meta_disable_footer":"","neve_meta_disable_title":"","neve_meta_reading_time":"","footnotes":""},"class_list":["post-18562","page","type-page","status-publish","has-post-thumbnail","hentry"],"yoast_head":"<!-- This site is optimized with the Yoast SEO Premium plugin v25.5 (Yoast SEO v25.5) - https:\/\/yoast.com\/wordpress\/plugins\/seo\/ -->\n<title>Bedingungen und Konditionen Flughafentransfers Canary Taxi Bus<\/title>\n<meta name=\"description\" content=\"Bedingungen und Konditionen Gran Canaria und Teneriffa Flughafentransfers. Buchen Sie Transfers mit Canary Taxi Bus unter Kanarische Inseln\" \/>\n<meta name=\"robots\" content=\"index, follow, max-snippet:-1, max-image-preview:large, max-video-preview:-1\" \/>\n<link rel=\"canonical\" href=\"https:\/\/canarytaxibus.com\/de\/bedingungen-und-konditionen\/\" \/>\n<meta property=\"og:locale\" content=\"de_DE\" \/>\n<meta property=\"og:type\" content=\"article\" \/>\n<meta property=\"og:title\" content=\"Bedingungen und Konditionen\" \/>\n<meta property=\"og:description\" content=\"Bedingungen und Konditionen Gran Canaria und Teneriffa Flughafentransfers. Buchen Sie Transfers mit Canary Taxi Bus unter Kanarische Inseln\" \/>\n<meta property=\"og:url\" content=\"https:\/\/canarytaxibus.com\/de\/bedingungen-und-konditionen\/\" \/>\n<meta property=\"og:site_name\" content=\"Canary Taxi Bus\" \/>\n<meta property=\"article:publisher\" content=\"https:\/\/www.facebook.com\/canarytaxibus\/\" \/>\n<meta property=\"article:modified_time\" content=\"2025-10-22T14:45:04+00:00\" \/>\n<meta property=\"og:image\" content=\"https:\/\/canarytaxibus.com\/wp-content\/uploads\/2024\/04\/terminos-y-condiciones.png\" \/>\n\t<meta property=\"og:image:width\" content=\"900\" \/>\n\t<meta property=\"og:image:height\" content=\"900\" \/>\n\t<meta property=\"og:image:type\" content=\"image\/png\" \/>\n<meta name=\"twitter:card\" content=\"summary_large_image\" \/>\n<meta name=\"twitter:site\" content=\"@canarytaxibus\" \/>\n<meta name=\"twitter:label1\" content=\"Gesch\u00e4tzte Lesezeit\" \/>\n\t<meta name=\"twitter:data1\" content=\"3\u00a0Minuten\" \/>\n<script type=\"application\/ld+json\" class=\"yoast-schema-graph\">{\"@context\":\"https:\/\/schema.org\",\"@graph\":[{\"@type\":\"WebPage\",\"@id\":\"https:\/\/canarytaxibus.com\/de\/bedingungen-und-konditionen\/\",\"url\":\"https:\/\/canarytaxibus.com\/de\/bedingungen-und-konditionen\/\",\"name\":\"Bedingungen und Konditionen Flughafentransfers Canary Taxi Bus\",\"isPartOf\":{\"@id\":\"https:\/\/canarytaxibus.com\/de\/#website\"},\"primaryImageOfPage\":{\"@id\":\"https:\/\/canarytaxibus.com\/de\/bedingungen-und-konditionen\/#primaryimage\"},\"image\":{\"@id\":\"https:\/\/canarytaxibus.com\/de\/bedingungen-und-konditionen\/#primaryimage\"},\"thumbnailUrl\":\"https:\/\/canarytaxibus.com\/wp-content\/uploads\/2024\/04\/terminos-y-condiciones.png\",\"datePublished\":\"2024-04-25T13:16:34+00:00\",\"dateModified\":\"2025-10-22T14:45:04+00:00\",\"description\":\"Bedingungen und Konditionen Gran Canaria und Teneriffa Flughafentransfers. Buchen Sie Transfers mit Canary Taxi Bus unter Kanarische Inseln\",\"inLanguage\":\"de\",\"potentialAction\":[{\"@type\":\"ReadAction\",\"target\":[\"https:\/\/canarytaxibus.com\/de\/bedingungen-und-konditionen\/\"]}]},{\"@type\":\"ImageObject\",\"inLanguage\":\"de\",\"@id\":\"https:\/\/canarytaxibus.com\/de\/bedingungen-und-konditionen\/#primaryimage\",\"url\":\"https:\/\/canarytaxibus.com\/wp-content\/uploads\/2024\/04\/terminos-y-condiciones.png\",\"contentUrl\":\"https:\/\/canarytaxibus.com\/wp-content\/uploads\/2024\/04\/terminos-y-condiciones.png\",\"width\":900,\"height\":900,\"caption\":\"Terminos\"},{\"@type\":\"WebSite\",\"@id\":\"https:\/\/canarytaxibus.com\/de\/#website\",\"url\":\"https:\/\/canarytaxibus.com\/de\/\",\"name\":\"Taxi Transfers Aeropuerto Gran Canaria, Canary Taxi Bus\",\"description\":\"Gran Canaria Flughafentransfers\",\"publisher\":{\"@id\":\"https:\/\/canarytaxibus.com\/de\/#organization\"},\"alternateName\":\"Transfers Aeropuerto Gran Canaria\",\"potentialAction\":[{\"@type\":\"SearchAction\",\"target\":{\"@type\":\"EntryPoint\",\"urlTemplate\":\"https:\/\/canarytaxibus.com\/de\/?s={search_term_string}\"},\"query-input\":{\"@type\":\"PropertyValueSpecification\",\"valueRequired\":true,\"valueName\":\"search_term_string\"}}],\"inLanguage\":\"de\"},{\"@type\":\"Organization\",\"@id\":\"https:\/\/canarytaxibus.com\/de\/#organization\",\"name\":\"Canary Taxi Bus\",\"url\":\"https:\/\/canarytaxibus.com\/de\/\",\"logo\":{\"@type\":\"ImageObject\",\"inLanguage\":\"de\",\"@id\":\"https:\/\/canarytaxibus.com\/de\/#\/schema\/logo\/image\/\",\"url\":\"https:\/\/canarytaxibus.com\/wp-content\/uploads\/2024\/05\/logocanary.png\",\"contentUrl\":\"https:\/\/canarytaxibus.com\/wp-content\/uploads\/2024\/05\/logocanary.png\",\"width\":442,\"height\":90,\"caption\":\"Canary Taxi Bus\"},\"image\":{\"@id\":\"https:\/\/canarytaxibus.com\/de\/#\/schema\/logo\/image\/\"},\"sameAs\":[\"https:\/\/www.facebook.com\/canarytaxibus\/\",\"https:\/\/x.com\/canarytaxibus\"]}]}<\/script>\n<!-- \/ Yoast SEO Premium plugin. -->","yoast_head_json":{"title":"Bedingungen und Konditionen Flughafentransfers Canary Taxi Bus","description":"Bedingungen und Konditionen Gran Canaria und Teneriffa Flughafentransfers. Buchen Sie Transfers mit Canary Taxi Bus unter Kanarische Inseln","robots":{"index":"index","follow":"follow","max-snippet":"max-snippet:-1","max-image-preview":"max-image-preview:large","max-video-preview":"max-video-preview:-1"},"canonical":"https:\/\/canarytaxibus.com\/de\/bedingungen-und-konditionen\/","og_locale":"de_DE","og_type":"article","og_title":"Bedingungen und Konditionen","og_description":"Bedingungen und Konditionen Gran Canaria und Teneriffa Flughafentransfers. Buchen Sie Transfers mit Canary Taxi Bus unter Kanarische Inseln","og_url":"https:\/\/canarytaxibus.com\/de\/bedingungen-und-konditionen\/","og_site_name":"Canary Taxi Bus","article_publisher":"https:\/\/www.facebook.com\/canarytaxibus\/","article_modified_time":"2025-10-22T14:45:04+00:00","og_image":[{"width":900,"height":900,"url":"https:\/\/canarytaxibus.com\/wp-content\/uploads\/2024\/04\/terminos-y-condiciones.png","type":"image\/png"}],"twitter_card":"summary_large_image","twitter_site":"@canarytaxibus","twitter_misc":{"Gesch\u00e4tzte Lesezeit":"3\u00a0Minuten"},"schema":{"@context":"https:\/\/schema.org","@graph":[{"@type":"WebPage","@id":"https:\/\/canarytaxibus.com\/de\/bedingungen-und-konditionen\/","url":"https:\/\/canarytaxibus.com\/de\/bedingungen-und-konditionen\/","name":"Bedingungen und Konditionen Flughafentransfers Canary Taxi Bus","isPartOf":{"@id":"https:\/\/canarytaxibus.com\/de\/#website"},"primaryImageOfPage":{"@id":"https:\/\/canarytaxibus.com\/de\/bedingungen-und-konditionen\/#primaryimage"},"image":{"@id":"https:\/\/canarytaxibus.com\/de\/bedingungen-und-konditionen\/#primaryimage"},"thumbnailUrl":"https:\/\/canarytaxibus.com\/wp-content\/uploads\/2024\/04\/terminos-y-condiciones.png","datePublished":"2024-04-25T13:16:34+00:00","dateModified":"2025-10-22T14:45:04+00:00","description":"Bedingungen und Konditionen Gran Canaria und Teneriffa Flughafentransfers. Buchen Sie Transfers mit Canary Taxi Bus unter Kanarische Inseln","inLanguage":"de","potentialAction":[{"@type":"ReadAction","target":["https:\/\/canarytaxibus.com\/de\/bedingungen-und-konditionen\/"]}]},{"@type":"ImageObject","inLanguage":"de","@id":"https:\/\/canarytaxibus.com\/de\/bedingungen-und-konditionen\/#primaryimage","url":"https:\/\/canarytaxibus.com\/wp-content\/uploads\/2024\/04\/terminos-y-condiciones.png","contentUrl":"https:\/\/canarytaxibus.com\/wp-content\/uploads\/2024\/04\/terminos-y-condiciones.png","width":900,"height":900,"caption":"Terminos"},{"@type":"WebSite","@id":"https:\/\/canarytaxibus.com\/de\/#website","url":"https:\/\/canarytaxibus.com\/de\/","name":"Taxi Transfers Aeropuerto Gran Canaria, Canary Taxi Bus","description":"Gran Canaria Flughafentransfers","publisher":{"@id":"https:\/\/canarytaxibus.com\/de\/#organization"},"alternateName":"Transfers Aeropuerto Gran Canaria","potentialAction":[{"@type":"SearchAction","target":{"@type":"EntryPoint","urlTemplate":"https:\/\/canarytaxibus.com\/de\/?s={search_term_string}"},"query-input":{"@type":"PropertyValueSpecification","valueRequired":true,"valueName":"search_term_string"}}],"inLanguage":"de"},{"@type":"Organization","@id":"https:\/\/canarytaxibus.com\/de\/#organization","name":"Canary Taxi Bus","url":"https:\/\/canarytaxibus.com\/de\/","logo":{"@type":"ImageObject","inLanguage":"de","@id":"https:\/\/canarytaxibus.com\/de\/#\/schema\/logo\/image\/","url":"https:\/\/canarytaxibus.com\/wp-content\/uploads\/2024\/05\/logocanary.png","contentUrl":"https:\/\/canarytaxibus.com\/wp-content\/uploads\/2024\/05\/logocanary.png","width":442,"height":90,"caption":"Canary Taxi Bus"},"image":{"@id":"https:\/\/canarytaxibus.com\/de\/#\/schema\/logo\/image\/"},"sameAs":["https:\/\/www.facebook.com\/canarytaxibus\/","https:\/\/x.com\/canarytaxibus"]}]}},"_links":{"self":[{"href":"https:\/\/canarytaxibus.com\/de\/wp-json\/wp\/v2\/pages\/18562","targetHints":{"allow":["GET"]}}],"collection":[{"href":"https:\/\/canarytaxibus.com\/de\/wp-json\/wp\/v2\/pages"}],"about":[{"href":"https:\/\/canarytaxibus.com\/de\/wp-json\/wp\/v2\/types\/page"}],"author":[{"embeddable":true,"href":"https:\/\/canarytaxibus.com\/de\/wp-json\/wp\/v2\/users\/1"}],"replies":[{"embeddable":true,"href":"https:\/\/canarytaxibus.com\/de\/wp-json\/wp\/v2\/comments?post=18562"}],"version-history":[{"count":0,"href":"https:\/\/canarytaxibus.com\/de\/wp-json\/wp\/v2\/pages\/18562\/revisions"}],"wp:featuredmedia":[{"embeddable":true,"href":"https:\/\/canarytaxibus.com\/de\/wp-json\/wp\/v2\/media\/18542"}],"wp:attachment":[{"href":"https:\/\/canarytaxibus.com\/de\/wp-json\/wp\/v2\/media?parent=18562"}],"curies":[{"name":"wp","href":"https:\/\/api.w.org\/{rel}","templated":true}]}}