{"id":15038,"date":"2023-11-26T22:06:37","date_gmt":"2023-11-26T22:06:37","guid":{"rendered":"https:\/\/taxibuscanarias.com\/servicios\/"},"modified":"2025-12-23T12:58:17","modified_gmt":"2025-12-23T12:58:17","slug":"dienst","status":"publish","type":"page","link":"https:\/\/canarytaxibus.com\/de\/dienst\/","title":{"rendered":"Dienst"},"content":{"rendered":"\t\t<div data-elementor-type=\"wp-page\" data-elementor-id=\"15038\" class=\"elementor elementor-15038 elementor-11964\" data-elementor-post-type=\"page\">\n\t\t\t\t\t\t<section class=\"elementor-section elementor-top-section elementor-element elementor-element-62b773f elementor-section-height-min-height elementor-section-boxed elementor-section-height-default elementor-section-items-middle\" data-id=\"62b773f\" data-element_type=\"section\" data-settings=\"{&quot;background_background&quot;:&quot;classic&quot;,&quot;shape_divider_bottom&quot;:&quot;mountains&quot;}\">\n\t\t\t\t\t\t\t<div class=\"elementor-background-overlay\"><\/div>\n\t\t\t\t\t\t<div class=\"elementor-shape elementor-shape-bottom\" aria-hidden=\"true\" data-negative=\"false\">\n\t\t\t<svg xmlns=\"http:\/\/www.w3.org\/2000\/svg\" viewBox=\"0 0 1000 100\" preserveAspectRatio=\"none\">\n\t<path class=\"elementor-shape-fill\" opacity=\"0.33\" d=\"M473,67.3c-203.9,88.3-263.1-34-320.3,0C66,119.1,0,59.7,0,59.7V0h1000v59.7 c0,0-62.1,26.1-94.9,29.3c-32.8,3.3-62.8-12.3-75.8-22.1C806,49.6,745.3,8.7,694.9,4.7S492.4,59,473,67.3z\"\/>\n\t<path class=\"elementor-shape-fill\" opacity=\"0.66\" d=\"M734,67.3c-45.5,0-77.2-23.2-129.1-39.1c-28.6-8.7-150.3-10.1-254,39.1 s-91.7-34.4-149.2,0C115.7,118.3,0,39.8,0,39.8V0h1000v36.5c0,0-28.2-18.5-92.1-18.5C810.2,18.1,775.7,67.3,734,67.3z\"\/>\n\t<path class=\"elementor-shape-fill\" d=\"M766.1,28.9c-200-57.5-266,65.5-395.1,19.5C242,1.8,242,5.4,184.8,20.6C128,35.8,132.3,44.9,89.9,52.5C28.6,63.7,0,0,0,0 h1000c0,0-9.9,40.9-83.6,48.1S829.6,47,766.1,28.9z\"\/>\n<\/svg>\t\t<\/div>\n\t\t\t\t\t<div class=\"elementor-container elementor-column-gap-no\">\n\t\t\t\t\t<div class=\"elementor-column elementor-col-100 elementor-top-column elementor-element elementor-element-5164ef31\" data-id=\"5164ef31\" data-element_type=\"column\">\n\t\t\t<div class=\"elementor-widget-wrap elementor-element-populated\">\n\t\t\t\t\t\t<div class=\"elementor-element elementor-element-45e7abe7 elementor-widget elementor-widget-heading\" data-id=\"45e7abe7\" data-element_type=\"widget\" data-widget_type=\"heading.default\">\n\t\t\t\t<div class=\"elementor-widget-container\">\n\t\t\t\t\t<h1 class=\"elementor-heading-title elementor-size-default\">Service Flughafen Canary Taxi Bus <\/h1>\t\t\t\t<\/div>\n\t\t\t\t<\/div>\n\t\t\t\t<div class=\"elementor-element elementor-element-2bccb9ef elementor-widget elementor-widget-text-editor\" data-id=\"2bccb9ef\" data-element_type=\"widget\" data-widget_type=\"text-editor.default\">\n\t\t\t\t<div class=\"elementor-widget-container\">\n\t\t\t\t\t\t\t\t\t<p>Service Flughafen transfers angeboten von Canary Taxi Bus Transfers auf Gran Canaria und Teneriffa.<br \/>Ein kanarisches Unternehmen f\u00fcr Personenbef\u00f6rderung auf den Kanarischen Inseln mit langj\u00e4hriger Erfahrung.<br \/>Wir bringen Sie sicher und souver\u00e4n an Ihr Ziel.<\/p>\t\t\t\t\t\t\t\t<\/div>\n\t\t\t\t<\/div>\n\t\t\t\t<div class=\"elementor-element elementor-element-98df09b elementor-align-center elementor-widget elementor-widget-breadcrumbs\" data-id=\"98df09b\" data-element_type=\"widget\" data-widget_type=\"breadcrumbs.default\">\n\t\t\t\t<div class=\"elementor-widget-container\">\n\t\t\t\t\t<p id=\"breadcrumbs\"><\/p>\t\t\t\t<\/div>\n\t\t\t\t<\/div>\n\t\t\t\t\t<\/div>\n\t\t<\/div>\n\t\t\t\t\t<\/div>\n\t\t<\/section>\n\t\t\t\t<section class=\"elementor-section elementor-top-section elementor-element elementor-element-4e13d3fb elementor-section-boxed elementor-section-height-default elementor-section-height-default\" data-id=\"4e13d3fb\" data-element_type=\"section\" data-settings=\"{&quot;background_background&quot;:&quot;classic&quot;}\">\n\t\t\t\t\t\t<div class=\"elementor-container elementor-column-gap-default\">\n\t\t\t\t\t<div class=\"elementor-column elementor-col-100 elementor-top-column elementor-element elementor-element-4534073f\" data-id=\"4534073f\" data-element_type=\"column\">\n\t\t\t<div class=\"elementor-widget-wrap elementor-element-populated\">\n\t\t\t\t\t\t<div class=\"elementor-element elementor-element-93975d7 elementor-widget elementor-widget-eael-adv-tabs\" data-id=\"93975d7\" data-element_type=\"widget\" data-widget_type=\"eael-adv-tabs.default\">\n\t\t\t\t<div class=\"elementor-widget-container\">\n\t\t\t\t\t        <div data-scroll-on-click=\"no\" data-scroll-speed=\"300\" id=\"eael-advance-tabs-93975d7\" class=\"eael-advance-tabs eael-tabs-vertical eael-tab-auto-active  active-caret-on\" data-tabid=\"93975d7\">\n            <div class=\"eael-tabs-nav \">\n                <ul class=\"eael-tab-inline-icon\" role=\"tablist\">\n                                            <li id=\"flughafen-pick-up\" class=\"inactive eael-tab-item-trigger eael-tab-nav-item\" aria-selected=\"true\" data-tab=\"1\" role=\"tab\" tabindex=\"0\" aria-controls=\"flughafen-pick-up-tab\" aria-expanded=\"false\">\n                            \n                                                                <i class=\"fas fa-plane-departure\"><\/i>                                                            \n                                                            <span class=\"eael-tab-title title-after-icon\" >Flughafen Pick-up<\/span>                            \n                                                    <\/li>\n                                            <li id=\"orte-der-freizeit\" class=\"inactive eael-tab-item-trigger eael-tab-nav-item\" aria-selected=\"false\" data-tab=\"2\" role=\"tab\" tabindex=\"-1\" aria-controls=\"orte-der-freizeit-tab\" aria-expanded=\"false\">\n                            \n                                                                <i class=\"fas fa-umbrella-beach\"><\/i>                                                            \n                                                            <span class=\"eael-tab-title title-after-icon\" >Orte der Freizeit<\/span>                            \n                                                    <\/li>\n                                            <li id=\"bus-buchen\" class=\"inactive eael-tab-item-trigger eael-tab-nav-item\" aria-selected=\"false\" data-tab=\"3\" role=\"tab\" tabindex=\"-1\" aria-controls=\"bus-buchen-tab\" aria-expanded=\"false\">\n                            \n                                                                <i class=\"fas fa-bus\"><\/i>                                                            \n                                                            <span class=\"eael-tab-title title-after-icon\" >Bus buchen<\/span>                            \n                                                    <\/li>\n                                            <li id=\"taxi-transfers\" class=\"inactive eael-tab-item-trigger eael-tab-nav-item\" aria-selected=\"false\" data-tab=\"4\" role=\"tab\" tabindex=\"-1\" aria-controls=\"taxi-transfers-tab\" aria-expanded=\"false\">\n                            \n                                                                <i class=\"fas fa-taxi\"><\/i>                                                            \n                                                            <span class=\"eael-tab-title title-after-icon\" >Taxi Transfers<\/span>                            \n                                                    <\/li>\n                                            <li id=\"tour-privado\" class=\"inactive eael-tab-item-trigger eael-tab-nav-item\" aria-selected=\"false\" data-tab=\"5\" role=\"tab\" tabindex=\"-1\" aria-controls=\"tour-privado-tab\" aria-expanded=\"false\">\n                            \n                                                                <i class=\"fas fa-map-marked-alt\"><\/i>                                                            \n                                                            <span class=\"eael-tab-title title-after-icon\" >Tour Privado<\/span>                            \n                                                    <\/li>\n                    \n                                  <\/ul>\n            <\/div>\n            \n            <div class=\"eael-tabs-content\">\n\t\t        \n                    <div id=\"flughafen-pick-up-tab\" class=\"clearfix eael-tab-content-item inactive\" data-title-link=\"flughafen-pick-up-tab\">\n\t\t\t\t        <p><img decoding=\"async\" style=\"margin-top: -20px;\" src=\"https:\/\/canarytaxibus.com\/wp-content\/uploads\/2023\/11\/pickup-airport.webp\" alt=\"Pickup Pasajeros Aeropuerto\" width=\"100%\" height=\"auto\" \/><\/p><h2 style=\"text-align: center;\">Service flughafen transfers, Passagierabholung<\/h2><p style=\"text-align: center;\"><strong>Unser Chauffeur erwartet Sie bereits vor Ihrer Ankunftszeit an den Flugh\u00e4fen von Teneriffa und Gran Canaria mit einem Schild, auf dem Ihr Name steht.<\/strong><\/p><p>Service Flughafentransfers. Von dem Moment an, in dem Ihre Buchung best\u00e4tigt wird, werden unsere Mitarbeiter in st\u00e4ndigem Kontakt mit Ihnen stehen, um alle Details Ihrer Transfers auf <a href=\"https:\/\/www.grancanaria.com\/turismo\/de\/\" target=\"_blank\" rel=\"noopener\">Gran Canaria<\/a> und <a href=\"https:\/\/canarytaxibus.com\/de\/transfers\/teneriffa\/flughafen-sud-teneriffa\/\" target=\"_blank\" rel=\"noopener\">Teneriffa<\/a> zu verwalten. Unser Ziel ist es, dass Sie Ihren Aufenthalt auf den Kanarischen Inseln in vollen Z\u00fcgen genie\u00dfen, und deshalb stellen wir Ihnen unsere langj\u00e4hrige Erfahrung im Transferbereich mit unserer Fahrzeugflotte zur Verf\u00fcgung. Taxi, Minivan, Minibus und Bus.<\/p>                    <\/div>\n\t\t        \n                    <div id=\"orte-der-freizeit-tab\" class=\"clearfix eael-tab-content-item inactive\" data-title-link=\"orte-der-freizeit-tab\">\n\t\t\t\t        <p><img decoding=\"async\" style=\"margin-top: -20px;\" src=\"https:\/\/canarytaxibus.com\/wp-content\/uploads\/2023\/11\/siam-park.webp\" alt=\"Ocio\" width=\"100%\" height=\"auto\" \/><\/p><h2 style=\"text-align: center;\">Orte der Unterhaltung<\/h2><p>Bei Canary Taxi Bus ber\u00fccksichtigen wir Besucher, die Orte besuchen wollen, um sich zu am\u00fcsieren. Wir bieten nicht nur Taxitransfers von und zu Flugh\u00e4fen an, sondern beraten Sie auch \u00fcber die besten Orte auf den Kanarischen Inseln f\u00fcr Gruppen von Freunden mit dem Bus oder Familienspa\u00df, wie z.B.:<\/p><p>Wasserparks<br \/>Zoo-Parks<br \/>Besuche von arch\u00e4ologischen St\u00e4tten<br \/>Museen<br \/>Alle interessanten Orte<br \/>Sportarten wie Surfen, Windsurfen, Kitesurfen, Tauchen, Gleitschirmfliegen, usw&#8230;<\/p>                    <\/div>\n\t\t        \n                    <div id=\"bus-buchen-tab\" class=\"clearfix eael-tab-content-item inactive\" data-title-link=\"bus-buchen-tab\">\n\t\t\t\t        <p><img decoding=\"async\" style=\"margin-top: -20px;\" src=\"https:\/\/canarytaxibus.com\/wp-content\/uploads\/2023\/11\/auto-bus.webp\" alt=\"Autobus\" width=\"100%\" height=\"auto\" \/><\/p><h2 style=\"text-align: center;\">Bus-Reservierungen<\/h2><p>Canary Taxi Bus bietet Busbuchungen an und verf\u00fcgt \u00fcber eine moderne Flotte von Qualit\u00e4tsbussen f\u00fcr die Bef\u00f6rderung einer gro\u00dfen Gruppe von Personen vom Flughafen von Gran Canaria oder Teneriffa:<br \/>Touristengruppen durch Reiseb\u00fcros auf den Kanarischen Inseln.<br \/>Transfers des Personals, die eine Sportmannschaft, Fu\u00dfball, Basketball, etc. bilden&#8230;<br \/>Busse von Schulgruppen f\u00fcr Jahresendausfl\u00fcge.<br \/>Zu einem festen Preis.<br \/>Bei allen Fahrten erf\u00fcllt der Bus von Canary Taxi die strengsten Sicherheitsstandards und Bedingungen.<\/p>                    <\/div>\n\t\t        \n                    <div id=\"taxi-transfers-tab\" class=\"clearfix eael-tab-content-item inactive\" data-title-link=\"taxi-transfers-tab\">\n\t\t\t\t        <p><img decoding=\"async\" style=\"margin-top: -20px;\" src=\"https:\/\/canarytaxibus.com\/wp-content\/uploads\/2023\/11\/taxi-transfers.webp\" alt=\"Autobus\" width=\"100%\" height=\"auto\" \/><\/p><h2 style=\"text-align: center;\">Buchung eines Taxitransfers<\/h2><p>Taxi buchen, Privattransfer. Canary Taxi Bus bietet private Taxi- und Bustransfers von den Flugh\u00e4fen der Kanarischen Inseln. Qualitativ hochwertige Personenbef\u00f6rderungsdienste am:<\/p><p>Gran Canaria (LAP).<br \/>Teneriffa Nord (TFN) ehemaliger Flughafen Los Rodeos.<br \/>Teneriffa S\u00fcd (TFS) oder Internationaler Flughafen Reina Sofia.<\/p><p>Er verbindet alle wichtigen Orte auf Gran Canaria mit dem Flughafen, wie Maspalomas, Playa del Ingl\u00e9s, Mog\u00e1n oder Las Palmas de Gran Canaria, siehe alle Standorte hier. Auf Teneriffa der Flughafen im Norden und S\u00fcden mit Playa de las Americas, Puerto de Santa Cruz, Santa Cruz de Tenerife oder einem der besten Ziele auf den Inseln.<br \/>Wir haben einen Festpreis f\u00fcr alle Transfers, den Sie auf dieser Seite oder \u00fcber unsere Kontaktseite oder telefonisch \u00fcberpr\u00fcfen k\u00f6nnen.<br \/>Auf allen Fahrten h\u00e4lt Canary Taxi Bus die strengsten Transportbedingungen und Sicherheitsstandards ein.<\/p><p>Sollte sich die Ankunft des Fahrgastes aus irgendeinem Grund um mehr als 6 Stunden verz\u00f6gern, kann das Unternehmen die Wartezeit f\u00fcr den Transfer nicht garantieren.<\/p>                    <\/div>\n\t\t        \n                    <div id=\"tour-privado-tab\" class=\"clearfix eael-tab-content-item inactive\" data-title-link=\"tour-privado-tab\">\n\t\t\t\t        <p><img decoding=\"async\" style=\"margin-top: -20px;\" src=\"https:\/\/canarytaxibus.com\/wp-content\/uploads\/2023\/11\/tenerife.webp\" alt=\"Autobus\" width=\"100%\" height=\"auto\" \/><\/p><h2 style=\"text-align: center;\">Gef\u00fchrte touristische Besichtigungen<\/h2><p>Canary Taxi Bus beinhaltet Taxitransfers von den wichtigsten kanarischen Flugh\u00e4fen wie Gran Canaria und Teneriffa, einschlie\u00dflich. Transfers nach<br \/>Las Palmas de Gran Canaria, Playa del Ingl\u00e9s, Maspalomas, Puerto Rico, Santa Cruz de Tenerife, Teide, Puerto de La Cruz, Costa de Arona, Playa de Las Americas, usw&#8230;<br \/>Wir bieten Ihnen die n\u00f6tige Flexibilit\u00e4t, damit Sie die Orte ausw\u00e4hlen k\u00f6nnen, die Sie besuchen m\u00f6chten, und eine Reiseroute erstellen k\u00f6nnen, die auf Ihr Budget und Ihre Bed\u00fcrfnisse abgestimmt ist. Daher m\u00fcssen sowohl Taxi- als auch Busbuchungen 36 Stunden im Voraus erfolgen. Entdecken Sie mit uns die besten Ziele auf den Kanarischen Inseln.<br \/>Setzen Sie sich jetzt mit uns in Verbindung, um Ihr privates Taxi oder Ihren Bus zu buchen, um die sch\u00f6nsten Orte zu sehen oder einfach um einen Kostenvoranschlag f\u00fcr Ihre Tour zu erhalten.<\/p>                    <\/div>\n\t\t                    <\/div>\n        <\/div>\n\t\t\t\t<\/div>\n\t\t\t\t<\/div>\n\t\t\t\t\t<\/div>\n\t\t<\/div>\n\t\t\t\t\t<\/div>\n\t\t<\/section>\n\t\t\t\t<\/div>\n\t\t","protected":false},"excerpt":{"rendered":"<p>Service Flughafen Canary Taxi Bus Service Flughafen transfers angeboten von Canary Taxi Bus Transfers auf Gran Canaria und Teneriffa.Ein kanarisches Unternehmen f\u00fcr Personenbef\u00f6rderung auf den Kanarischen Inseln mit langj\u00e4hriger Erfahrung.Wir bringen Sie sicher und souver\u00e4n an Ihr Ziel. Flughafen Pick-up Orte der Freizeit Bus buchen Taxi Transfers Tour Privado Service flughafen transfers, Passagierabholung Unser Chauffeur&hellip;&nbsp;<a href=\"https:\/\/canarytaxibus.com\/de\/dienst\/\" rel=\"bookmark\">Mehr lesen &raquo;<span class=\"screen-reader-text\">Dienst<\/span><\/a><\/p>\n","protected":false},"author":1,"featured_media":0,"parent":0,"menu_order":0,"comment_status":"closed","ping_status":"closed","template":"page-templates\/template-pagebuilder-full-width.php","meta":{"neve_meta_sidebar":"","neve_meta_container":"","neve_meta_enable_content_width":"off","neve_meta_content_width":100,"neve_meta_title_alignment":"","neve_meta_author_avatar":"","neve_post_elements_order":"","neve_meta_disable_header":"","neve_meta_disable_footer":"","neve_meta_disable_title":"","neve_meta_reading_time":"","footnotes":""},"class_list":["post-15038","page","type-page","status-publish","hentry"],"yoast_head":"<!-- This site is optimized with the Yoast SEO Premium plugin v25.5 (Yoast SEO v25.5) - https:\/\/yoast.com\/wordpress\/plugins\/seo\/ -->\n<title>Service Flughafen Taxi Transfers Gran Canaria und Teneriffa<\/title>\n<meta name=\"description\" content=\"Service Flughafen taxi transfers Gran Canaria, Teneriffa. Buchen Sie Canary Taxi Bus Transfers. Las Palmas, Maspalomas, Mogan,\" \/>\n<meta name=\"robots\" content=\"index, follow, max-snippet:-1, max-image-preview:large, max-video-preview:-1\" \/>\n<link rel=\"canonical\" href=\"https:\/\/canarytaxibus.com\/de\/dienst\/\" \/>\n<meta property=\"og:locale\" content=\"de_DE\" \/>\n<meta property=\"og:type\" content=\"article\" \/>\n<meta property=\"og:title\" content=\"Dienst\" \/>\n<meta property=\"og:description\" content=\"Service Flughafen taxi transfers Gran Canaria, Teneriffa. Buchen Sie Canary Taxi Bus Transfers. Las Palmas, Maspalomas, Mogan,\" \/>\n<meta property=\"og:url\" content=\"https:\/\/canarytaxibus.com\/de\/dienst\/\" \/>\n<meta property=\"og:site_name\" content=\"Canary Taxi Bus\" \/>\n<meta property=\"article:publisher\" content=\"https:\/\/www.facebook.com\/canarytaxibus\/\" \/>\n<meta property=\"article:modified_time\" content=\"2025-12-23T12:58:17+00:00\" \/>\n<meta property=\"og:image\" content=\"https:\/\/canarytaxibus.com\/wp-content\/uploads\/2023\/11\/pickup-airport.webp\" \/>\n<meta name=\"twitter:card\" content=\"summary_large_image\" \/>\n<meta name=\"twitter:site\" content=\"@canarytaxibus\" \/>\n<meta name=\"twitter:label1\" content=\"Gesch\u00e4tzte Lesezeit\" \/>\n\t<meta name=\"twitter:data1\" content=\"5\u00a0Minuten\" \/>\n<script type=\"application\/ld+json\" class=\"yoast-schema-graph\">{\"@context\":\"https:\/\/schema.org\",\"@graph\":[{\"@type\":\"WebPage\",\"@id\":\"https:\/\/canarytaxibus.com\/de\/dienst\/\",\"url\":\"https:\/\/canarytaxibus.com\/de\/dienst\/\",\"name\":\"Service Flughafen Taxi Transfers Gran Canaria und Teneriffa\",\"isPartOf\":{\"@id\":\"https:\/\/canarytaxibus.com\/de\/#website\"},\"primaryImageOfPage\":{\"@id\":\"https:\/\/canarytaxibus.com\/de\/dienst\/#primaryimage\"},\"image\":{\"@id\":\"https:\/\/canarytaxibus.com\/de\/dienst\/#primaryimage\"},\"thumbnailUrl\":\"https:\/\/canarytaxibus.com\/wp-content\/uploads\/2023\/11\/pickup-airport.webp\",\"datePublished\":\"2023-11-26T22:06:37+00:00\",\"dateModified\":\"2025-12-23T12:58:17+00:00\",\"description\":\"Service Flughafen taxi transfers Gran Canaria, Teneriffa. Buchen Sie Canary Taxi Bus Transfers. Las Palmas, Maspalomas, Mogan,\",\"inLanguage\":\"de\",\"potentialAction\":[{\"@type\":\"ReadAction\",\"target\":[\"https:\/\/canarytaxibus.com\/de\/dienst\/\"]}]},{\"@type\":\"ImageObject\",\"inLanguage\":\"de\",\"@id\":\"https:\/\/canarytaxibus.com\/de\/dienst\/#primaryimage\",\"url\":\"https:\/\/canarytaxibus.com\/wp-content\/uploads\/2023\/11\/pickup-airport.webp\",\"contentUrl\":\"https:\/\/canarytaxibus.com\/wp-content\/uploads\/2023\/11\/pickup-airport.webp\"},{\"@type\":\"WebSite\",\"@id\":\"https:\/\/canarytaxibus.com\/de\/#website\",\"url\":\"https:\/\/canarytaxibus.com\/de\/\",\"name\":\"Taxi Transfers Aeropuerto Gran Canaria, Canary Taxi Bus\",\"description\":\"Gran Canaria Flughafentransfers\",\"publisher\":{\"@id\":\"https:\/\/canarytaxibus.com\/de\/#organization\"},\"alternateName\":\"Transfers Aeropuerto Gran Canaria\",\"potentialAction\":[{\"@type\":\"SearchAction\",\"target\":{\"@type\":\"EntryPoint\",\"urlTemplate\":\"https:\/\/canarytaxibus.com\/de\/?s={search_term_string}\"},\"query-input\":{\"@type\":\"PropertyValueSpecification\",\"valueRequired\":true,\"valueName\":\"search_term_string\"}}],\"inLanguage\":\"de\"},{\"@type\":\"Organization\",\"@id\":\"https:\/\/canarytaxibus.com\/de\/#organization\",\"name\":\"Canary Taxi Bus\",\"url\":\"https:\/\/canarytaxibus.com\/de\/\",\"logo\":{\"@type\":\"ImageObject\",\"inLanguage\":\"de\",\"@id\":\"https:\/\/canarytaxibus.com\/de\/#\/schema\/logo\/image\/\",\"url\":\"https:\/\/canarytaxibus.com\/wp-content\/uploads\/2024\/05\/logocanary.png\",\"contentUrl\":\"https:\/\/canarytaxibus.com\/wp-content\/uploads\/2024\/05\/logocanary.png\",\"width\":442,\"height\":90,\"caption\":\"Canary Taxi Bus\"},\"image\":{\"@id\":\"https:\/\/canarytaxibus.com\/de\/#\/schema\/logo\/image\/\"},\"sameAs\":[\"https:\/\/www.facebook.com\/canarytaxibus\/\",\"https:\/\/x.com\/canarytaxibus\"]}]}<\/script>\n<!-- \/ Yoast SEO Premium plugin. -->","yoast_head_json":{"title":"Service Flughafen Taxi Transfers Gran Canaria und Teneriffa","description":"Service Flughafen taxi transfers Gran Canaria, Teneriffa. Buchen Sie Canary Taxi Bus Transfers. Las Palmas, Maspalomas, Mogan,","robots":{"index":"index","follow":"follow","max-snippet":"max-snippet:-1","max-image-preview":"max-image-preview:large","max-video-preview":"max-video-preview:-1"},"canonical":"https:\/\/canarytaxibus.com\/de\/dienst\/","og_locale":"de_DE","og_type":"article","og_title":"Dienst","og_description":"Service Flughafen taxi transfers Gran Canaria, Teneriffa. Buchen Sie Canary Taxi Bus Transfers. Las Palmas, Maspalomas, Mogan,","og_url":"https:\/\/canarytaxibus.com\/de\/dienst\/","og_site_name":"Canary Taxi Bus","article_publisher":"https:\/\/www.facebook.com\/canarytaxibus\/","article_modified_time":"2025-12-23T12:58:17+00:00","og_image":[{"url":"https:\/\/canarytaxibus.com\/wp-content\/uploads\/2023\/11\/pickup-airport.webp","type":"","width":"","height":""}],"twitter_card":"summary_large_image","twitter_site":"@canarytaxibus","twitter_misc":{"Gesch\u00e4tzte Lesezeit":"5\u00a0Minuten"},"schema":{"@context":"https:\/\/schema.org","@graph":[{"@type":"WebPage","@id":"https:\/\/canarytaxibus.com\/de\/dienst\/","url":"https:\/\/canarytaxibus.com\/de\/dienst\/","name":"Service Flughafen Taxi Transfers Gran Canaria und Teneriffa","isPartOf":{"@id":"https:\/\/canarytaxibus.com\/de\/#website"},"primaryImageOfPage":{"@id":"https:\/\/canarytaxibus.com\/de\/dienst\/#primaryimage"},"image":{"@id":"https:\/\/canarytaxibus.com\/de\/dienst\/#primaryimage"},"thumbnailUrl":"https:\/\/canarytaxibus.com\/wp-content\/uploads\/2023\/11\/pickup-airport.webp","datePublished":"2023-11-26T22:06:37+00:00","dateModified":"2025-12-23T12:58:17+00:00","description":"Service Flughafen taxi transfers Gran Canaria, Teneriffa. Buchen Sie Canary Taxi Bus Transfers. Las Palmas, Maspalomas, Mogan,","inLanguage":"de","potentialAction":[{"@type":"ReadAction","target":["https:\/\/canarytaxibus.com\/de\/dienst\/"]}]},{"@type":"ImageObject","inLanguage":"de","@id":"https:\/\/canarytaxibus.com\/de\/dienst\/#primaryimage","url":"https:\/\/canarytaxibus.com\/wp-content\/uploads\/2023\/11\/pickup-airport.webp","contentUrl":"https:\/\/canarytaxibus.com\/wp-content\/uploads\/2023\/11\/pickup-airport.webp"},{"@type":"WebSite","@id":"https:\/\/canarytaxibus.com\/de\/#website","url":"https:\/\/canarytaxibus.com\/de\/","name":"Taxi Transfers Aeropuerto Gran Canaria, Canary Taxi Bus","description":"Gran Canaria Flughafentransfers","publisher":{"@id":"https:\/\/canarytaxibus.com\/de\/#organization"},"alternateName":"Transfers Aeropuerto Gran Canaria","potentialAction":[{"@type":"SearchAction","target":{"@type":"EntryPoint","urlTemplate":"https:\/\/canarytaxibus.com\/de\/?s={search_term_string}"},"query-input":{"@type":"PropertyValueSpecification","valueRequired":true,"valueName":"search_term_string"}}],"inLanguage":"de"},{"@type":"Organization","@id":"https:\/\/canarytaxibus.com\/de\/#organization","name":"Canary Taxi Bus","url":"https:\/\/canarytaxibus.com\/de\/","logo":{"@type":"ImageObject","inLanguage":"de","@id":"https:\/\/canarytaxibus.com\/de\/#\/schema\/logo\/image\/","url":"https:\/\/canarytaxibus.com\/wp-content\/uploads\/2024\/05\/logocanary.png","contentUrl":"https:\/\/canarytaxibus.com\/wp-content\/uploads\/2024\/05\/logocanary.png","width":442,"height":90,"caption":"Canary Taxi Bus"},"image":{"@id":"https:\/\/canarytaxibus.com\/de\/#\/schema\/logo\/image\/"},"sameAs":["https:\/\/www.facebook.com\/canarytaxibus\/","https:\/\/x.com\/canarytaxibus"]}]}},"_links":{"self":[{"href":"https:\/\/canarytaxibus.com\/de\/wp-json\/wp\/v2\/pages\/15038","targetHints":{"allow":["GET"]}}],"collection":[{"href":"https:\/\/canarytaxibus.com\/de\/wp-json\/wp\/v2\/pages"}],"about":[{"href":"https:\/\/canarytaxibus.com\/de\/wp-json\/wp\/v2\/types\/page"}],"author":[{"embeddable":true,"href":"https:\/\/canarytaxibus.com\/de\/wp-json\/wp\/v2\/users\/1"}],"replies":[{"embeddable":true,"href":"https:\/\/canarytaxibus.com\/de\/wp-json\/wp\/v2\/comments?post=15038"}],"version-history":[{"count":0,"href":"https:\/\/canarytaxibus.com\/de\/wp-json\/wp\/v2\/pages\/15038\/revisions"}],"wp:attachment":[{"href":"https:\/\/canarytaxibus.com\/de\/wp-json\/wp\/v2\/media?parent=15038"}],"curies":[{"name":"wp","href":"https:\/\/api.w.org\/{rel}","templated":true}]}}