{"id":14967,"date":"2023-10-20T12:20:53","date_gmt":"2023-10-20T11:20:53","guid":{"rendered":"https:\/\/taxibuscanarias.com\/transfers\/"},"modified":"2024-08-09T22:46:31","modified_gmt":"2024-08-09T21:46:31","slug":"transfers","status":"publish","type":"page","link":"https:\/\/canarytaxibus.com\/de\/transfers\/","title":{"rendered":"Transfers"},"content":{"rendered":"\t\t<div data-elementor-type=\"wp-page\" data-elementor-id=\"14967\" class=\"elementor elementor-14967 elementor-10748\" data-elementor-post-type=\"page\">\n\t\t\t\t\t\t<section class=\"elementor-section elementor-top-section elementor-element elementor-element-daf7d59 elementor-section-height-min-height elementor-section-boxed elementor-section-height-default elementor-section-items-middle\" data-id=\"daf7d59\" data-element_type=\"section\" data-e-type=\"section\" data-settings=\"{&quot;background_background&quot;:&quot;classic&quot;,&quot;shape_divider_bottom&quot;:&quot;mountains&quot;}\">\n\t\t\t\t\t\t\t<div class=\"elementor-background-overlay\"><\/div>\n\t\t\t\t\t\t<div class=\"elementor-shape elementor-shape-bottom\" aria-hidden=\"true\" data-negative=\"false\">\n\t\t\t<svg xmlns=\"http:\/\/www.w3.org\/2000\/svg\" viewBox=\"0 0 1000 100\" preserveAspectRatio=\"none\">\n\t<path class=\"elementor-shape-fill\" opacity=\"0.33\" d=\"M473,67.3c-203.9,88.3-263.1-34-320.3,0C66,119.1,0,59.7,0,59.7V0h1000v59.7 c0,0-62.1,26.1-94.9,29.3c-32.8,3.3-62.8-12.3-75.8-22.1C806,49.6,745.3,8.7,694.9,4.7S492.4,59,473,67.3z\"\/>\n\t<path class=\"elementor-shape-fill\" opacity=\"0.66\" d=\"M734,67.3c-45.5,0-77.2-23.2-129.1-39.1c-28.6-8.7-150.3-10.1-254,39.1 s-91.7-34.4-149.2,0C115.7,118.3,0,39.8,0,39.8V0h1000v36.5c0,0-28.2-18.5-92.1-18.5C810.2,18.1,775.7,67.3,734,67.3z\"\/>\n\t<path class=\"elementor-shape-fill\" d=\"M766.1,28.9c-200-57.5-266,65.5-395.1,19.5C242,1.8,242,5.4,184.8,20.6C128,35.8,132.3,44.9,89.9,52.5C28.6,63.7,0,0,0,0 h1000c0,0-9.9,40.9-83.6,48.1S829.6,47,766.1,28.9z\"\/>\n<\/svg>\t\t<\/div>\n\t\t\t\t\t<div class=\"elementor-container elementor-column-gap-no\">\n\t\t\t\t\t<div class=\"elementor-column elementor-col-100 elementor-top-column elementor-element elementor-element-99ad9f2\" data-id=\"99ad9f2\" data-element_type=\"column\" data-e-type=\"column\">\n\t\t\t<div class=\"elementor-widget-wrap elementor-element-populated\">\n\t\t\t\t\t\t<div class=\"elementor-element elementor-element-2f576ad elementor-widget elementor-widget-heading\" data-id=\"2f576ad\" data-element_type=\"widget\" data-e-type=\"widget\" data-widget_type=\"heading.default\">\n\t\t\t\t\t<h1 class=\"elementor-heading-title elementor-size-default\">Flughafentransfers auf Gran Canaria und Teneriffa<\/h1>\t\t\t\t<\/div>\n\t\t\t\t<div class=\"elementor-element elementor-element-02eaaf8 elementor-widget elementor-widget-text-editor\" data-id=\"02eaaf8\" data-element_type=\"widget\" data-e-type=\"widget\" data-widget_type=\"text-editor.default\">\n\t\t\t\t\t\t\t\t\tFlughafentransfers auf den Inseln Gran Canaria und Teneriffa. W\u00e4hlen Sie Ihre Zielinsel und die verf\u00fcgbaren Orte aus. Wenn Sie den Ort, den Sie suchen, nicht finden, senden Sie uns bitte eine Nachricht und wir werden Ihnen diese Route gerne anbieten.\t\t\t\t\t\t\t\t<\/div>\n\t\t\t\t<div class=\"elementor-element elementor-element-3e95830 elementor-align-center elementor-widget elementor-widget-breadcrumbs\" data-id=\"3e95830\" data-element_type=\"widget\" data-e-type=\"widget\" data-widget_type=\"breadcrumbs.default\">\n\t\t\t\t\t<p id=\"breadcrumbs\"><\/p>\t\t\t\t<\/div>\n\t\t\t\t\t<\/div>\n\t\t<\/div>\n\t\t\t\t\t<\/div>\n\t\t<\/section>\n\t\t\t\t<section class=\"elementor-section elementor-top-section elementor-element elementor-element-15f94e1 elementor-section-boxed elementor-section-height-default elementor-section-height-default\" data-id=\"15f94e1\" data-element_type=\"section\" data-e-type=\"section\" data-settings=\"{&quot;background_background&quot;:&quot;classic&quot;}\">\n\t\t\t\t\t\t<div class=\"elementor-container elementor-column-gap-default\">\n\t\t\t\t\t<div class=\"elementor-column elementor-col-100 elementor-top-column elementor-element elementor-element-0c60b46\" data-id=\"0c60b46\" data-element_type=\"column\" data-e-type=\"column\">\n\t\t\t<div class=\"elementor-widget-wrap elementor-element-populated\">\n\t\t\t\t\t\t<div class=\"elementor-element elementor-element-7f2439e elementor-widget elementor-widget-heading\" data-id=\"7f2439e\" data-element_type=\"widget\" data-e-type=\"widget\" data-widget_type=\"heading.default\">\n\t\t\t\t\t<h2 class=\"elementor-heading-title elementor-size-default\">Kanarische Inseln Flughafentransfers und Ortschaften<\/h2>\t\t\t\t<\/div>\n\t\t\t\t<div class=\"elementor-element elementor-element-523cec1 elementor-widget elementor-widget-text-editor\" data-id=\"523cec1\" data-element_type=\"widget\" data-e-type=\"widget\" data-widget_type=\"text-editor.default\">\n\t\t\t\t\t\t\t\t\t<p>Private Taxitransfers zu den <a href=\"https:\/\/www.aena.es\/en\/passengers\/passengers.html\">Flugh\u00e4fen<\/a> von Gran Canaria und Teneriffa mit Canar Taxi Bus. Zu jedem Ort auf den wichtigsten Kanarischen Inseln. Las Palmas de Gran Canaria oder Santa Cruz de Tenerife. Reisef\u00fchrer zu den besten Reisezielen, Str\u00e4nden, Villen und Hotels. Maspalomas, Playa del Ingl\u00e9s, Mog\u00e1n, Playa de Las Am\u00e9ricas, Puerto de la Cruz, Arona, Las Palmas.<\/p>\t\t\t\t\t\t\t\t<\/div>\n\t\t\t\t<section class=\"elementor-section elementor-inner-section elementor-element elementor-element-1a0e4dd elementor-section-boxed elementor-section-height-default elementor-section-height-default\" data-id=\"1a0e4dd\" data-element_type=\"section\" data-e-type=\"section\">\n\t\t\t\t\t\t<div class=\"elementor-container elementor-column-gap-default\">\n\t\t\t\t\t<div class=\"elementor-column elementor-col-50 elementor-inner-column elementor-element elementor-element-497d535\" data-id=\"497d535\" data-element_type=\"column\" data-e-type=\"column\">\n\t\t\t<div class=\"elementor-widget-wrap elementor-element-populated\">\n\t\t\t\t\t\t<div class=\"elementor-element elementor-element-6997e18 elementor-widget elementor-widget-image\" data-id=\"6997e18\" data-element_type=\"widget\" data-e-type=\"widget\" data-widget_type=\"image.default\">\n\t\t\t\t\t\t\t\t\t\t\t\t\t\t\t<img loading=\"lazy\" decoding=\"async\" width=\"1024\" height=\"683\" src=\"https:\/\/canarytaxibus.com\/wp-content\/uploads\/2023\/12\/grancanaria-1024x683.webp\" class=\"attachment-large size-large wp-image-12299\" alt=\"gran canaria transfers\" srcset=\"https:\/\/canarytaxibus.com\/wp-content\/uploads\/2023\/12\/grancanaria-1024x683.webp 1024w, https:\/\/canarytaxibus.com\/wp-content\/uploads\/2023\/12\/grancanaria-150x100.webp 150w, https:\/\/canarytaxibus.com\/wp-content\/uploads\/2023\/12\/grancanaria-300x200.webp 300w, https:\/\/canarytaxibus.com\/wp-content\/uploads\/2023\/12\/grancanaria-768x512.webp 768w, https:\/\/canarytaxibus.com\/wp-content\/uploads\/2023\/12\/grancanaria-1536x1024.webp 1536w, https:\/\/canarytaxibus.com\/wp-content\/uploads\/2023\/12\/grancanaria-930x620.webp 930w, https:\/\/canarytaxibus.com\/wp-content\/uploads\/2023\/12\/grancanaria-460x306.webp 460w, https:\/\/canarytaxibus.com\/wp-content\/uploads\/2023\/12\/grancanaria-800x533.webp 800w, https:\/\/canarytaxibus.com\/wp-content\/uploads\/2023\/12\/grancanaria-600x400.webp 600w, https:\/\/canarytaxibus.com\/wp-content\/uploads\/2023\/12\/grancanaria.webp 1920w\" sizes=\"auto, (max-width: 1024px) 100vw, 1024px\" \/>\t\t\t\t\t\t\t\t\t\t\t\t\t\t\t<\/div>\n\t\t\t\t<div class=\"elementor-element elementor-element-016a918 elementor-align-center elementor-widget elementor-widget-button\" data-id=\"016a918\" data-element_type=\"widget\" data-e-type=\"widget\" data-widget_type=\"button.default\">\n\t\t\t\t\t\t\t\t\t\t<a class=\"elementor-button elementor-button-link elementor-size-sm\" href=\"\/de\/transfers\/grancanaria\/\" rel=\"title:Gran Canaria\">\n\t\t\t\t\t\t<span class=\"elementor-button-content-wrapper\">\n\t\t\t\t\t\t\t\t\t<span class=\"elementor-button-text\">GRAN CANARIA<\/span>\n\t\t\t\t\t<\/span>\n\t\t\t\t\t<\/a>\n\t\t\t\t\t\t\t\t<\/div>\n\t\t\t\t\t<\/div>\n\t\t<\/div>\n\t\t\t\t<div class=\"elementor-column elementor-col-50 elementor-inner-column elementor-element elementor-element-d162390\" data-id=\"d162390\" data-element_type=\"column\" data-e-type=\"column\">\n\t\t\t<div class=\"elementor-widget-wrap elementor-element-populated\">\n\t\t\t\t\t\t<div class=\"elementor-element elementor-element-2effa35 elementor-widget elementor-widget-image\" data-id=\"2effa35\" data-element_type=\"widget\" data-e-type=\"widget\" data-widget_type=\"image.default\">\n\t\t\t\t\t\t\t\t\t\t\t\t\t\t\t<img loading=\"lazy\" decoding=\"async\" width=\"1024\" height=\"683\" src=\"https:\/\/canarytaxibus.com\/wp-content\/uploads\/2023\/12\/tenerife-1024x683.webp\" class=\"attachment-large size-large wp-image-12303\" alt=\"Tenerife Transfers Aeropuerto Gran Canaria\" srcset=\"https:\/\/canarytaxibus.com\/wp-content\/uploads\/2023\/12\/tenerife-1024x683.webp 1024w, https:\/\/canarytaxibus.com\/wp-content\/uploads\/2023\/12\/tenerife-150x100.webp 150w, https:\/\/canarytaxibus.com\/wp-content\/uploads\/2023\/12\/tenerife-300x200.webp 300w, https:\/\/canarytaxibus.com\/wp-content\/uploads\/2023\/12\/tenerife-768x512.webp 768w, https:\/\/canarytaxibus.com\/wp-content\/uploads\/2023\/12\/tenerife-1536x1024.webp 1536w, https:\/\/canarytaxibus.com\/wp-content\/uploads\/2023\/12\/tenerife-930x620.webp 930w, https:\/\/canarytaxibus.com\/wp-content\/uploads\/2023\/12\/tenerife-460x306.webp 460w, https:\/\/canarytaxibus.com\/wp-content\/uploads\/2023\/12\/tenerife-800x533.webp 800w, https:\/\/canarytaxibus.com\/wp-content\/uploads\/2023\/12\/tenerife-600x400.webp 600w, https:\/\/canarytaxibus.com\/wp-content\/uploads\/2023\/12\/tenerife.webp 1920w\" sizes=\"auto, (max-width: 1024px) 100vw, 1024px\" \/>\t\t\t\t\t\t\t\t\t\t\t\t\t\t\t<\/div>\n\t\t\t\t<div class=\"elementor-element elementor-element-071bfe8 elementor-align-center elementor-widget elementor-widget-button\" data-id=\"071bfe8\" data-element_type=\"widget\" data-e-type=\"widget\" data-widget_type=\"button.default\">\n\t\t\t\t\t\t\t\t\t\t<a class=\"elementor-button elementor-button-link elementor-size-sm\" href=\"\/de\/transfers\/tenerife\/\" rel=\"title:Tenerife\">\n\t\t\t\t\t\t<span class=\"elementor-button-content-wrapper\">\n\t\t\t\t\t\t\t\t\t<span class=\"elementor-button-text\">TENERIFFA<\/span>\n\t\t\t\t\t<\/span>\n\t\t\t\t\t<\/a>\n\t\t\t\t\t\t\t\t<\/div>\n\t\t\t\t\t<\/div>\n\t\t<\/div>\n\t\t\t\t\t<\/div>\n\t\t<\/section>\n\t\t\t\t\t<\/div>\n\t\t<\/div>\n\t\t\t\t\t<\/div>\n\t\t<\/section>\n\t\t\t\t<\/div>\n\t\t","protected":false},"excerpt":{"rendered":"<p>Flughafentransfers auf Gran Canaria und Teneriffa Flughafentransfers auf den Inseln Gran Canaria und Teneriffa. W\u00e4hlen Sie Ihre Zielinsel und die verf\u00fcgbaren Orte aus. Wenn Sie den Ort, den Sie suchen, nicht finden, senden Sie uns bitte eine Nachricht und wir werden Ihnen diese Route gerne anbieten. Kanarische Inseln Flughafentransfers und Ortschaften Private Taxitransfers zu den&hellip;&nbsp;<a href=\"https:\/\/canarytaxibus.com\/de\/transfers\/\" rel=\"bookmark\">Mehr lesen &raquo;<span class=\"screen-reader-text\">Transfers<\/span><\/a><\/p>\n","protected":false},"author":1,"featured_media":12348,"parent":0,"menu_order":0,"comment_status":"closed","ping_status":"closed","template":"page-templates\/template-pagebuilder-full-width.php","meta":{"neve_meta_sidebar":"","neve_meta_container":"","neve_meta_enable_content_width":"off","neve_meta_content_width":100,"neve_meta_title_alignment":"","neve_meta_author_avatar":"","neve_post_elements_order":"","neve_meta_disable_header":"","neve_meta_disable_footer":"","neve_meta_disable_title":"","neve_meta_reading_time":"","footnotes":""},"class_list":["post-14967","page","type-page","status-publish","has-post-thumbnail","hentry"],"yoast_head":"<!-- This site is optimized with the Yoast SEO Premium plugin v25.5 (Yoast SEO v25.5) - https:\/\/yoast.com\/wordpress\/plugins\/seo\/ -->\n<title>Flughafentransfers Gran Canaria und Teneriffa &#8211; Canary Taxi Bus<\/title>\n<meta name=\"description\" content=\"Privat Flughafentransfers von Gran Canaria und Teneriffa mit Canar Taxi Bus, zu jedem Ort auf den Kanarischen Inseln.\" \/>\n<meta name=\"robots\" content=\"index, follow, max-snippet:-1, max-image-preview:large, max-video-preview:-1\" \/>\n<link rel=\"canonical\" href=\"https:\/\/canarytaxibus.com\/de\/transfers\/\" \/>\n<meta property=\"og:locale\" content=\"de_DE\" \/>\n<meta property=\"og:type\" content=\"article\" \/>\n<meta property=\"og:title\" content=\"Transfers\" \/>\n<meta property=\"og:description\" content=\"Privat Flughafentransfers von Gran Canaria und Teneriffa mit Canar Taxi Bus, zu jedem Ort auf den Kanarischen Inseln.\" \/>\n<meta property=\"og:url\" content=\"https:\/\/canarytaxibus.com\/de\/transfers\/\" \/>\n<meta property=\"og:site_name\" content=\"Canary Taxi Bus\" \/>\n<meta property=\"article:publisher\" content=\"https:\/\/www.facebook.com\/canarytaxibus\/\" \/>\n<meta property=\"article:modified_time\" content=\"2024-08-09T21:46:31+00:00\" \/>\n<meta property=\"og:image\" content=\"https:\/\/canarytaxibus.com\/wp-content\/uploads\/2023\/12\/aeropuertofoto.webp\" \/>\n\t<meta property=\"og:image:width\" content=\"1920\" \/>\n\t<meta property=\"og:image:height\" content=\"1280\" \/>\n\t<meta property=\"og:image:type\" content=\"image\/webp\" \/>\n<meta name=\"twitter:card\" content=\"summary_large_image\" \/>\n<meta name=\"twitter:site\" content=\"@canarytaxibus\" \/>\n<meta name=\"twitter:label1\" content=\"Gesch\u00e4tzte Lesezeit\" \/>\n\t<meta name=\"twitter:data1\" content=\"2\u00a0Minuten\" \/>\n<script type=\"application\/ld+json\" class=\"yoast-schema-graph\">{\"@context\":\"https:\/\/schema.org\",\"@graph\":[{\"@type\":\"WebPage\",\"@id\":\"https:\/\/canarytaxibus.com\/de\/transfers\/\",\"url\":\"https:\/\/canarytaxibus.com\/de\/transfers\/\",\"name\":\"Flughafentransfers Gran Canaria und Teneriffa &#8211; Canary Taxi Bus\",\"isPartOf\":{\"@id\":\"https:\/\/canarytaxibus.com\/de\/#website\"},\"primaryImageOfPage\":{\"@id\":\"https:\/\/canarytaxibus.com\/de\/transfers\/#primaryimage\"},\"image\":{\"@id\":\"https:\/\/canarytaxibus.com\/de\/transfers\/#primaryimage\"},\"thumbnailUrl\":\"https:\/\/canarytaxibus.com\/wp-content\/uploads\/2023\/12\/aeropuertofoto.webp\",\"datePublished\":\"2023-10-20T11:20:53+00:00\",\"dateModified\":\"2024-08-09T21:46:31+00:00\",\"description\":\"Privat Flughafentransfers von Gran Canaria und Teneriffa mit Canar Taxi Bus, zu jedem Ort auf den Kanarischen Inseln.\",\"inLanguage\":\"de\",\"potentialAction\":[{\"@type\":\"ReadAction\",\"target\":[\"https:\/\/canarytaxibus.com\/de\/transfers\/\"]}]},{\"@type\":\"ImageObject\",\"inLanguage\":\"de\",\"@id\":\"https:\/\/canarytaxibus.com\/de\/transfers\/#primaryimage\",\"url\":\"https:\/\/canarytaxibus.com\/wp-content\/uploads\/2023\/12\/aeropuertofoto.webp\",\"contentUrl\":\"https:\/\/canarytaxibus.com\/wp-content\/uploads\/2023\/12\/aeropuertofoto.webp\",\"width\":1920,\"height\":1280,\"caption\":\"Flughafentransfers Airport Transfers Aeropuerto\"},{\"@type\":\"WebSite\",\"@id\":\"https:\/\/canarytaxibus.com\/de\/#website\",\"url\":\"https:\/\/canarytaxibus.com\/de\/\",\"name\":\"Taxi Transfers Aeropuerto Gran Canaria, Canary Taxi Bus\",\"description\":\"Gran Canaria Flughafentransfers\",\"publisher\":{\"@id\":\"https:\/\/canarytaxibus.com\/de\/#organization\"},\"alternateName\":\"Transfers Aeropuerto Gran Canaria\",\"potentialAction\":[{\"@type\":\"SearchAction\",\"target\":{\"@type\":\"EntryPoint\",\"urlTemplate\":\"https:\/\/canarytaxibus.com\/de\/?s={search_term_string}\"},\"query-input\":{\"@type\":\"PropertyValueSpecification\",\"valueRequired\":true,\"valueName\":\"search_term_string\"}}],\"inLanguage\":\"de\"},{\"@type\":\"Organization\",\"@id\":\"https:\/\/canarytaxibus.com\/de\/#organization\",\"name\":\"Canary Taxi Bus\",\"url\":\"https:\/\/canarytaxibus.com\/de\/\",\"logo\":{\"@type\":\"ImageObject\",\"inLanguage\":\"de\",\"@id\":\"https:\/\/canarytaxibus.com\/de\/#\/schema\/logo\/image\/\",\"url\":\"https:\/\/canarytaxibus.com\/wp-content\/uploads\/2024\/05\/logocanary.png\",\"contentUrl\":\"https:\/\/canarytaxibus.com\/wp-content\/uploads\/2024\/05\/logocanary.png\",\"width\":442,\"height\":90,\"caption\":\"Canary Taxi Bus\"},\"image\":{\"@id\":\"https:\/\/canarytaxibus.com\/de\/#\/schema\/logo\/image\/\"},\"sameAs\":[\"https:\/\/www.facebook.com\/canarytaxibus\/\",\"https:\/\/x.com\/canarytaxibus\"]}]}<\/script>\n<!-- \/ Yoast SEO Premium plugin. -->","yoast_head_json":{"title":"Flughafentransfers Gran Canaria und Teneriffa &#8211; Canary Taxi Bus","description":"Privat Flughafentransfers von Gran Canaria und Teneriffa mit Canar Taxi Bus, zu jedem Ort auf den Kanarischen Inseln.","robots":{"index":"index","follow":"follow","max-snippet":"max-snippet:-1","max-image-preview":"max-image-preview:large","max-video-preview":"max-video-preview:-1"},"canonical":"https:\/\/canarytaxibus.com\/de\/transfers\/","og_locale":"de_DE","og_type":"article","og_title":"Transfers","og_description":"Privat Flughafentransfers von Gran Canaria und Teneriffa mit Canar Taxi Bus, zu jedem Ort auf den Kanarischen Inseln.","og_url":"https:\/\/canarytaxibus.com\/de\/transfers\/","og_site_name":"Canary Taxi Bus","article_publisher":"https:\/\/www.facebook.com\/canarytaxibus\/","article_modified_time":"2024-08-09T21:46:31+00:00","og_image":[{"width":1920,"height":1280,"url":"https:\/\/canarytaxibus.com\/wp-content\/uploads\/2023\/12\/aeropuertofoto.webp","type":"image\/webp"}],"twitter_card":"summary_large_image","twitter_site":"@canarytaxibus","twitter_misc":{"Gesch\u00e4tzte Lesezeit":"2\u00a0Minuten"},"schema":{"@context":"https:\/\/schema.org","@graph":[{"@type":"WebPage","@id":"https:\/\/canarytaxibus.com\/de\/transfers\/","url":"https:\/\/canarytaxibus.com\/de\/transfers\/","name":"Flughafentransfers Gran Canaria und Teneriffa &#8211; Canary Taxi Bus","isPartOf":{"@id":"https:\/\/canarytaxibus.com\/de\/#website"},"primaryImageOfPage":{"@id":"https:\/\/canarytaxibus.com\/de\/transfers\/#primaryimage"},"image":{"@id":"https:\/\/canarytaxibus.com\/de\/transfers\/#primaryimage"},"thumbnailUrl":"https:\/\/canarytaxibus.com\/wp-content\/uploads\/2023\/12\/aeropuertofoto.webp","datePublished":"2023-10-20T11:20:53+00:00","dateModified":"2024-08-09T21:46:31+00:00","description":"Privat Flughafentransfers von Gran Canaria und Teneriffa mit Canar Taxi Bus, zu jedem Ort auf den Kanarischen Inseln.","inLanguage":"de","potentialAction":[{"@type":"ReadAction","target":["https:\/\/canarytaxibus.com\/de\/transfers\/"]}]},{"@type":"ImageObject","inLanguage":"de","@id":"https:\/\/canarytaxibus.com\/de\/transfers\/#primaryimage","url":"https:\/\/canarytaxibus.com\/wp-content\/uploads\/2023\/12\/aeropuertofoto.webp","contentUrl":"https:\/\/canarytaxibus.com\/wp-content\/uploads\/2023\/12\/aeropuertofoto.webp","width":1920,"height":1280,"caption":"Flughafentransfers Airport Transfers Aeropuerto"},{"@type":"WebSite","@id":"https:\/\/canarytaxibus.com\/de\/#website","url":"https:\/\/canarytaxibus.com\/de\/","name":"Taxi Transfers Aeropuerto Gran Canaria, Canary Taxi Bus","description":"Gran Canaria Flughafentransfers","publisher":{"@id":"https:\/\/canarytaxibus.com\/de\/#organization"},"alternateName":"Transfers Aeropuerto Gran Canaria","potentialAction":[{"@type":"SearchAction","target":{"@type":"EntryPoint","urlTemplate":"https:\/\/canarytaxibus.com\/de\/?s={search_term_string}"},"query-input":{"@type":"PropertyValueSpecification","valueRequired":true,"valueName":"search_term_string"}}],"inLanguage":"de"},{"@type":"Organization","@id":"https:\/\/canarytaxibus.com\/de\/#organization","name":"Canary Taxi Bus","url":"https:\/\/canarytaxibus.com\/de\/","logo":{"@type":"ImageObject","inLanguage":"de","@id":"https:\/\/canarytaxibus.com\/de\/#\/schema\/logo\/image\/","url":"https:\/\/canarytaxibus.com\/wp-content\/uploads\/2024\/05\/logocanary.png","contentUrl":"https:\/\/canarytaxibus.com\/wp-content\/uploads\/2024\/05\/logocanary.png","width":442,"height":90,"caption":"Canary Taxi Bus"},"image":{"@id":"https:\/\/canarytaxibus.com\/de\/#\/schema\/logo\/image\/"},"sameAs":["https:\/\/www.facebook.com\/canarytaxibus\/","https:\/\/x.com\/canarytaxibus"]}]}},"_links":{"self":[{"href":"https:\/\/canarytaxibus.com\/de\/wp-json\/wp\/v2\/pages\/14967","targetHints":{"allow":["GET"]}}],"collection":[{"href":"https:\/\/canarytaxibus.com\/de\/wp-json\/wp\/v2\/pages"}],"about":[{"href":"https:\/\/canarytaxibus.com\/de\/wp-json\/wp\/v2\/types\/page"}],"author":[{"embeddable":true,"href":"https:\/\/canarytaxibus.com\/de\/wp-json\/wp\/v2\/users\/1"}],"replies":[{"embeddable":true,"href":"https:\/\/canarytaxibus.com\/de\/wp-json\/wp\/v2\/comments?post=14967"}],"version-history":[{"count":0,"href":"https:\/\/canarytaxibus.com\/de\/wp-json\/wp\/v2\/pages\/14967\/revisions"}],"wp:featuredmedia":[{"embeddable":true,"href":"https:\/\/canarytaxibus.com\/de\/wp-json\/wp\/v2\/media\/12348"}],"wp:attachment":[{"href":"https:\/\/canarytaxibus.com\/de\/wp-json\/wp\/v2\/media?parent=14967"}],"curies":[{"name":"wp","href":"https:\/\/api.w.org\/{rel}","templated":true}]}}